{"id":570438,"date":"2021-09-22T04:35:59","date_gmt":"2021-09-22T04:35:59","guid":{"rendered":"https:\/\/aukinkochile.com\/web\/producto\/titere-cono-gato\/"},"modified":"2024-07-11T13:25:53","modified_gmt":"2024-07-11T13:25:53","slug":"titere-cono-gato","status":"publish","type":"product","link":"https:\/\/aukinkochile.com\/web\/producto\/titere-cono-gato\/","title":{"rendered":"T\u00edtere Cono Gato"},"content":{"rendered":"<p>T\u00edtere de cono de peluche con cabeza dura. Tiene 3 funciones: se puede usar como t\u00edtere de cono, introduciendo la mano por detr\u00e1s de la espalda del t\u00edtere, o se puede rellenar con dulces o tesoros. El tama\u00f1o es ideal para la comodidad de movilidad de la mano de un ni\u00f1o. Material resistente y duradero. Lavable. De acabados detallados y dise\u00f1o simple con clara identificaci\u00f3n de personaje. Moravska es una marca de Rep\u00fablica Checa especializada en t\u00edteres y marionetas con muchos a\u00f1os de experiencia, sus dise\u00f1os son ideales para el f\u00e1cil manejo de ni\u00f1os y adultos. <\/p>\n<p><p><strong>Material : <\/strong> Peluche, Cart\u00f3n y Madera <\/p>\n<p><strong>C\u00f3digo Aukinko : <\/strong> 12-811601<\/p>\n<p><strong>C\u00f3digo Convenio Marco : <\/strong> X<\/p>\n","protected":false},"excerpt":{"rendered":"<p>T\u00edtere de cono de peluche con cabeza dura. Tiene 3 funciones: se puede usar como t\u00edtere de cono, introduciendo la mano por detr\u00e1s de la espalda del t\u00edtere, o se puede rellenar con dulces o tesoros. El tama\u00f1o es ideal para la comodidad de movilidad de la mano de un ni\u00f1o. Material resistente y duradero. [&hellip;]<\/p>\n","protected":false},"featured_media":623148,"comment_status":"open","ping_status":"closed","template":"","meta":{"_et_pb_use_builder":"","_et_pb_old_content":"","_et_gb_content_width":""},"product_brand":[],"product_cat":[17,212],"product_tag":[],"class_list":{"0":"post-570438","1":"product","2":"type-product","3":"status-publish","4":"has-post-thumbnail","6":"product_cat-juegos-de-rol","7":"product_cat-munecos-y-figuras","8":"pa_edad-2-a-3-anos","9":"pa_edad-3-a-4-anos","10":"pa_edad-4-a-5-anos","11":"pa_edad-5-a-6-anos","12":"pa_edad-6-a-8-anos","13":"pa_edad-8-a-10-anos","14":"pa_marca-moravska","15":"pa_medidas-16-x-52-x-11-cm","17":"first","18":"instock","19":"shipping-taxable","20":"purchasable","21":"product-type-simple"},"aioseo_notices":[],"_links":{"self":[{"href":"https:\/\/aukinkochile.com\/web\/wp-json\/wp\/v2\/product\/570438","targetHints":{"allow":["GET"]}}],"collection":[{"href":"https:\/\/aukinkochile.com\/web\/wp-json\/wp\/v2\/product"}],"about":[{"href":"https:\/\/aukinkochile.com\/web\/wp-json\/wp\/v2\/types\/product"}],"replies":[{"embeddable":true,"href":"https:\/\/aukinkochile.com\/web\/wp-json\/wp\/v2\/comments?post=570438"}],"wp:featuredmedia":[{"embeddable":true,"href":"https:\/\/aukinkochile.com\/web\/wp-json\/wp\/v2\/media\/623148"}],"wp:attachment":[{"href":"https:\/\/aukinkochile.com\/web\/wp-json\/wp\/v2\/media?parent=570438"}],"wp:term":[{"taxonomy":"product_brand","embeddable":true,"href":"https:\/\/aukinkochile.com\/web\/wp-json\/wp\/v2\/product_brand?post=570438"},{"taxonomy":"product_cat","embeddable":true,"href":"https:\/\/aukinkochile.com\/web\/wp-json\/wp\/v2\/product_cat?post=570438"},{"taxonomy":"product_tag","embeddable":true,"href":"https:\/\/aukinkochile.com\/web\/wp-json\/wp\/v2\/product_tag?post=570438"}],"curies":[{"name":"wp","href":"https:\/\/api.w.org\/{rel}","templated":true}]}}