{"id":570428,"date":"2021-09-22T04:35:57","date_gmt":"2021-09-22T04:35:57","guid":{"rendered":"https:\/\/aukinkochile.com\/web\/producto\/instrumento-colgante-6-tubos-aluminio\/"},"modified":"2024-01-03T20:10:13","modified_gmt":"2024-01-03T20:10:13","slug":"instrumento-colgante-6-tubos-aluminio","status":"publish","type":"product","link":"https:\/\/aukinkochile.com\/web\/producto\/instrumento-colgante-6-tubos-aluminio\/","title":{"rendered":"Instrumento Colgante 6 Tubos Aluminio"},"content":{"rendered":"<p>6 tubos de aluminio colgantes con campana. Al moverse, dan un bell\u00edsimo sonido.<\/p>\n<p><p><strong>Material : <\/strong> ALUMINIO<\/p>\n<p><strong>C\u00f3digo Aukinko : <\/strong> 12-70110<\/p>\n<p><strong>C\u00f3digo Convenio Marco : <\/strong> <\/p>\n","protected":false},"excerpt":{"rendered":"<p>6 tubos de aluminio colgantes con campana. Al moverse, dan un bell\u00edsimo sonido. Material : ALUMINIO C\u00f3digo Aukinko : 12-70110 C\u00f3digo Convenio Marco :<\/p>\n","protected":false},"featured_media":626972,"comment_status":"open","ping_status":"closed","template":"","meta":{"_et_pb_use_builder":"","_et_pb_old_content":"","_et_gb_content_width":""},"product_brand":[],"product_cat":[91,392],"product_tag":[],"class_list":{"0":"post-570428","1":"product","2":"type-product","3":"status-publish","4":"has-post-thumbnail","6":"product_cat-accesorios-sala","7":"product_cat-musica","8":"pa_edad-0-a-1-ano","9":"pa_edad-1-a-2-anos","10":"pa_edad-10-anos","11":"pa_edad-2-a-3-anos","12":"pa_edad-3-a-4-anos","13":"pa_edad-4-a-5-anos","14":"pa_edad-5-a-6-anos","15":"pa_edad-6-a-8-anos","16":"pa_edad-8-a-10-anos","17":"pa_marca-gitre","18":"pa_medidas-2-x-5","19":"pa_medidas-4-cm","20":"pa_medidas-41-x-16","22":"first","23":"instock","24":"sale","25":"shipping-taxable","26":"purchasable","27":"product-type-simple"},"aioseo_notices":[],"_links":{"self":[{"href":"https:\/\/aukinkochile.com\/web\/wp-json\/wp\/v2\/product\/570428","targetHints":{"allow":["GET"]}}],"collection":[{"href":"https:\/\/aukinkochile.com\/web\/wp-json\/wp\/v2\/product"}],"about":[{"href":"https:\/\/aukinkochile.com\/web\/wp-json\/wp\/v2\/types\/product"}],"replies":[{"embeddable":true,"href":"https:\/\/aukinkochile.com\/web\/wp-json\/wp\/v2\/comments?post=570428"}],"wp:featuredmedia":[{"embeddable":true,"href":"https:\/\/aukinkochile.com\/web\/wp-json\/wp\/v2\/media\/626972"}],"wp:attachment":[{"href":"https:\/\/aukinkochile.com\/web\/wp-json\/wp\/v2\/media?parent=570428"}],"wp:term":[{"taxonomy":"product_brand","embeddable":true,"href":"https:\/\/aukinkochile.com\/web\/wp-json\/wp\/v2\/product_brand?post=570428"},{"taxonomy":"product_cat","embeddable":true,"href":"https:\/\/aukinkochile.com\/web\/wp-json\/wp\/v2\/product_cat?post=570428"},{"taxonomy":"product_tag","embeddable":true,"href":"https:\/\/aukinkochile.com\/web\/wp-json\/wp\/v2\/product_tag?post=570428"}],"curies":[{"name":"wp","href":"https:\/\/api.w.org\/{rel}","templated":true}]}}