{"id":570388,"date":"2021-09-22T04:35:48","date_gmt":"2021-09-22T04:35:48","guid":{"rendered":"https:\/\/aukinkochile.com\/web\/producto\/instrumento-xilofono-rojo\/"},"modified":"2025-11-26T21:59:03","modified_gmt":"2025-11-26T21:59:03","slug":"instrumento-xilofono-rojo","status":"publish","type":"product","link":"https:\/\/aukinkochile.com\/web\/producto\/instrumento-xilofono-rojo\/","title":{"rendered":"Instrumento Xil\u00f3fono Rojo"},"content":{"rendered":"<p>Este hermoso xil\u00f3fono con los colores del arco\u00edris est\u00e1 desarrollado en material resistente y de forma segura para los m\u00e1s peque\u00f1os. Con sonido precisamente sintonizado, le dar\u00e1 horas de diversi\u00f3n a los m\u00e1s peque\u00f1os. Con todos los productos de esta hermosa marca, te invitamos a introducir a los ni\u00f1os en el m\u00e1gico mundo de la m\u00fasica y el ritmo a trav\u00e9s de una hermosa gama de juguetes musicales, dise\u00f1ados y desarrollados especialmente para los m\u00e1s peque\u00f1os. Todos los productos Halilit cumplen con los m\u00e1s altos est\u00e1ndares de seguridad, y no hay mejor manera de fomentar el desarrollo de un ni\u00f1o que a trav\u00e9s de aut\u00e9nticos instrumentos musicales. Estos fant\u00e1sticos juguetes ofrecen infinitas oportunidades para desarrollar las habilidades de sus hijos.<\/p>\n<p><p><strong>Material : <\/strong> Pl\u00e1stico<\/p>\n<p><strong>C\u00f3digo Aukinko : <\/strong> 12-650080<\/p>\n<p><strong>C\u00f3digo Convenio Marco : <\/strong> x<\/p>\n","protected":false},"excerpt":{"rendered":"<p>Este hermoso xil\u00f3fono con los colores del arco\u00edris est\u00e1 desarrollado en material resistente y de forma segura para los m\u00e1s peque\u00f1os. Con sonido precisamente sintonizado, le dar\u00e1 horas de diversi\u00f3n a los m\u00e1s peque\u00f1os. Con todos los productos de esta hermosa marca, te invitamos a introducir a los ni\u00f1os en el m\u00e1gico mundo de la [&hellip;]<\/p>\n","protected":false},"featured_media":627457,"comment_status":"open","ping_status":"closed","template":"","meta":{"_et_pb_use_builder":"","_et_pb_old_content":"","_et_gb_content_width":""},"product_brand":[],"product_cat":[91,392],"product_tag":[],"class_list":{"0":"post-570388","1":"product","2":"type-product","3":"status-publish","4":"has-post-thumbnail","6":"product_cat-accesorios-sala","7":"product_cat-musica","8":"pa_edad-2-a-3-anos","9":"pa_edad-3-a-4-anos","10":"pa_edad-4-a-5-anos","11":"pa_edad-5-a-6-anos","12":"pa_edad-6-a-8-anos","13":"pa_marca-halilit","14":"pa_medidas-28-x-14","15":"pa_medidas-5-x-4-cm","17":"first","18":"instock","19":"shipping-taxable","20":"purchasable","21":"product-type-simple"},"aioseo_notices":[],"_links":{"self":[{"href":"https:\/\/aukinkochile.com\/web\/wp-json\/wp\/v2\/product\/570388","targetHints":{"allow":["GET"]}}],"collection":[{"href":"https:\/\/aukinkochile.com\/web\/wp-json\/wp\/v2\/product"}],"about":[{"href":"https:\/\/aukinkochile.com\/web\/wp-json\/wp\/v2\/types\/product"}],"replies":[{"embeddable":true,"href":"https:\/\/aukinkochile.com\/web\/wp-json\/wp\/v2\/comments?post=570388"}],"wp:featuredmedia":[{"embeddable":true,"href":"https:\/\/aukinkochile.com\/web\/wp-json\/wp\/v2\/media\/627457"}],"wp:attachment":[{"href":"https:\/\/aukinkochile.com\/web\/wp-json\/wp\/v2\/media?parent=570388"}],"wp:term":[{"taxonomy":"product_brand","embeddable":true,"href":"https:\/\/aukinkochile.com\/web\/wp-json\/wp\/v2\/product_brand?post=570388"},{"taxonomy":"product_cat","embeddable":true,"href":"https:\/\/aukinkochile.com\/web\/wp-json\/wp\/v2\/product_cat?post=570388"},{"taxonomy":"product_tag","embeddable":true,"href":"https:\/\/aukinkochile.com\/web\/wp-json\/wp\/v2\/product_tag?post=570388"}],"curies":[{"name":"wp","href":"https:\/\/api.w.org\/{rel}","templated":true}]}}