{"id":570376,"date":"2021-09-22T04:35:45","date_gmt":"2021-09-22T04:35:45","guid":{"rendered":"https:\/\/aukinkochile.com\/web\/producto\/sonajero-animal-shape-shakers-c-u\/"},"modified":"2025-11-26T21:59:01","modified_gmt":"2025-11-26T21:59:01","slug":"sonajero-animal-shape-shakers-c-u","status":"publish","type":"product","link":"https:\/\/aukinkochile.com\/web\/producto\/sonajero-animal-shape-shakers-c-u\/","title":{"rendered":"Sonajero Animal Shape Shakers c\/u"},"content":{"rendered":"<p>Hermoso sonajero en tres diferentes modelos; pez, caracol y chinita, cada uno con un sonido diferente. Con todos los productos de esta hermosa marca te invitamos a introducir a los ni\u00f1os en el m\u00e1gico mundo de la m\u00fasica y el ritmo a trav\u00e9s de una hermosa gama de juguetes musicales, dise\u00f1ados y desarrollados especialmente para los m\u00e1s peque\u00f1os.\u00a0Todos los productos Halilit cumplen con los m\u00e1s altos est\u00e1ndares de seguridad, y no hay mejor manera de fomentar el desarrollo de un ni\u00f1o que a trav\u00e9s de aut\u00e9nticos instrumentos musicales.\u00a0Estos fant\u00e1sticos juguetes ofrecen infinitas oportunidades para desarrollar las habilidades de sus hijos. Modelos surtidos. Precio por unidad.<\/p>\n<p><p><strong>Material : <\/strong> Pl\u00e1stico<\/p>\n<p><strong>C\u00f3digo Aukinko : <\/strong> 12-639320<\/p>\n<p><strong>C\u00f3digo Convenio Marco : <\/strong> x<\/p>\n","protected":false},"excerpt":{"rendered":"<p>Hermoso sonajero en tres diferentes modelos; pez, caracol y chinita, cada uno con un sonido diferente. Con todos los productos de esta hermosa marca te invitamos a introducir a los ni\u00f1os en el m\u00e1gico mundo de la m\u00fasica y el ritmo a trav\u00e9s de una hermosa gama de juguetes musicales, dise\u00f1ados y desarrollados especialmente para [&hellip;]<\/p>\n","protected":false},"featured_media":627453,"comment_status":"open","ping_status":"closed","template":"","meta":{"_et_pb_use_builder":"","_et_pb_old_content":"","_et_gb_content_width":""},"product_brand":[],"product_cat":[91,392,23],"product_tag":[],"class_list":{"0":"post-570376","1":"product","2":"type-product","3":"status-publish","4":"has-post-thumbnail","6":"product_cat-accesorios-sala","7":"product_cat-musica","8":"product_cat-primeros-anos","9":"pa_edad-0-a-1-ano","10":"pa_edad-1-a-2-anos","11":"pa_marca-halilit","12":"pa_medidas-22-x-24-x-10-cm","14":"first","15":"instock","16":"shipping-taxable","17":"purchasable","18":"product-type-simple"},"aioseo_notices":[],"_links":{"self":[{"href":"https:\/\/aukinkochile.com\/web\/wp-json\/wp\/v2\/product\/570376","targetHints":{"allow":["GET"]}}],"collection":[{"href":"https:\/\/aukinkochile.com\/web\/wp-json\/wp\/v2\/product"}],"about":[{"href":"https:\/\/aukinkochile.com\/web\/wp-json\/wp\/v2\/types\/product"}],"replies":[{"embeddable":true,"href":"https:\/\/aukinkochile.com\/web\/wp-json\/wp\/v2\/comments?post=570376"}],"wp:featuredmedia":[{"embeddable":true,"href":"https:\/\/aukinkochile.com\/web\/wp-json\/wp\/v2\/media\/627453"}],"wp:attachment":[{"href":"https:\/\/aukinkochile.com\/web\/wp-json\/wp\/v2\/media?parent=570376"}],"wp:term":[{"taxonomy":"product_brand","embeddable":true,"href":"https:\/\/aukinkochile.com\/web\/wp-json\/wp\/v2\/product_brand?post=570376"},{"taxonomy":"product_cat","embeddable":true,"href":"https:\/\/aukinkochile.com\/web\/wp-json\/wp\/v2\/product_cat?post=570376"},{"taxonomy":"product_tag","embeddable":true,"href":"https:\/\/aukinkochile.com\/web\/wp-json\/wp\/v2\/product_tag?post=570376"}],"curies":[{"name":"wp","href":"https:\/\/api.w.org\/{rel}","templated":true}]}}