{"id":570181,"date":"2021-09-22T04:35:03","date_gmt":"2021-09-22T04:35:03","guid":{"rendered":"https:\/\/aukinkochile.com\/web\/producto\/laboratorio-cientificos-fisica\/"},"modified":"2025-12-04T19:45:19","modified_gmt":"2025-12-04T19:45:19","slug":"laboratorio-cientificos-fisica","status":"publish","type":"product","link":"https:\/\/aukinkochile.com\/web\/producto\/laboratorio-cientificos-fisica\/","title":{"rendered":"Laboratorio Cient\u00edficos F\u00edsica"},"content":{"rendered":"<p>Kit con 250 experimentos cautivantes que le dar\u00e1 a conocer este fascinante campo. Experimentar con la electricidad, el magnetismo, motores, gases, l\u00edquidos, el calor, el sonido, la fuerza, la presi\u00f3n y el movimiento. Ideal para conocer las leyes b\u00e1sicas de la naturaleza.<\/p>\n<p><p><strong>Material : <\/strong> Pl\u00e1stico<\/p>\n<p><strong>C\u00f3digo Aukinko : <\/strong> 12-18200<\/p>\n<p><strong>C\u00f3digo Convenio Marco : <\/strong> x<\/p>\n","protected":false},"excerpt":{"rendered":"<p>Kit con 250 experimentos cautivantes que le dar\u00e1 a conocer este fascinante campo. Experimentar con la electricidad, el magnetismo, motores, gases, l\u00edquidos, el calor, el sonido, la fuerza, la presi\u00f3n y el movimiento. Ideal para conocer las leyes b\u00e1sicas de la naturaleza. Material : Pl\u00e1stico C\u00f3digo Aukinko : 12-18200 C\u00f3digo Convenio Marco : x<\/p>\n","protected":false},"featured_media":627022,"comment_status":"open","ping_status":"closed","template":"","meta":{"_et_pb_use_builder":"","_et_pb_old_content":"","_et_gb_content_width":""},"product_brand":[],"product_cat":[92],"product_tag":[],"class_list":{"0":"post-570181","1":"product","2":"type-product","3":"status-publish","4":"has-post-thumbnail","6":"product_cat-ciencias","7":"pa_edad-10-anos","8":"pa_marca-edu-science","9":"pa_medidas-4678","10":"pa_medidas-5-x-27-x-8-cm","12":"first","13":"instock","14":"shipping-taxable","15":"purchasable","16":"product-type-simple"},"aioseo_notices":[],"_links":{"self":[{"href":"https:\/\/aukinkochile.com\/web\/wp-json\/wp\/v2\/product\/570181","targetHints":{"allow":["GET"]}}],"collection":[{"href":"https:\/\/aukinkochile.com\/web\/wp-json\/wp\/v2\/product"}],"about":[{"href":"https:\/\/aukinkochile.com\/web\/wp-json\/wp\/v2\/types\/product"}],"replies":[{"embeddable":true,"href":"https:\/\/aukinkochile.com\/web\/wp-json\/wp\/v2\/comments?post=570181"}],"wp:featuredmedia":[{"embeddable":true,"href":"https:\/\/aukinkochile.com\/web\/wp-json\/wp\/v2\/media\/627022"}],"wp:attachment":[{"href":"https:\/\/aukinkochile.com\/web\/wp-json\/wp\/v2\/media?parent=570181"}],"wp:term":[{"taxonomy":"product_brand","embeddable":true,"href":"https:\/\/aukinkochile.com\/web\/wp-json\/wp\/v2\/product_brand?post=570181"},{"taxonomy":"product_cat","embeddable":true,"href":"https:\/\/aukinkochile.com\/web\/wp-json\/wp\/v2\/product_cat?post=570181"},{"taxonomy":"product_tag","embeddable":true,"href":"https:\/\/aukinkochile.com\/web\/wp-json\/wp\/v2\/product_tag?post=570181"}],"curies":[{"name":"wp","href":"https:\/\/api.w.org\/{rel}","templated":true}]}}