{"id":570175,"date":"2021-09-22T04:35:02","date_gmt":"2021-09-22T04:35:02","guid":{"rendered":"https:\/\/aukinkochile.com\/web\/producto\/laboratorio-cientificos-de-optica\/"},"modified":"2025-12-04T19:45:18","modified_gmt":"2025-12-04T19:45:18","slug":"laboratorio-cientificos-de-optica","status":"publish","type":"product","link":"https:\/\/aukinkochile.com\/web\/producto\/laboratorio-cientificos-de-optica\/","title":{"rendered":"Laboratorio Cient\u00edficos \u00d3ptica"},"content":{"rendered":"<p>Equipo de ciencia para ni\u00f1os peque\u00f1os. Instrucciones graficas que muestran como trabajar con los conceptos b\u00e1sicos en el campo de la \u00f3ptica. Jugar con espejos, construir un periscopio, experimentar con ilusi\u00f3n \u00f3ptica, y muchos experimentos mas.<\/p>\n<p><p><strong>Material : <\/strong> Pl\u00e1stico<\/p>\n<p><strong>C\u00f3digo Aukinko : <\/strong> 12-17020<\/p>\n<p><strong>C\u00f3digo Convenio Marco : <\/strong> x<\/p>\n","protected":false},"excerpt":{"rendered":"<p>Equipo de ciencia para ni\u00f1os peque\u00f1os. Instrucciones graficas que muestran como trabajar con los conceptos b\u00e1sicos en el campo de la \u00f3ptica. Jugar con espejos, construir un periscopio, experimentar con ilusi\u00f3n \u00f3ptica, y muchos experimentos mas. Material : Pl\u00e1stico C\u00f3digo Aukinko : 12-17020 C\u00f3digo Convenio Marco : x<\/p>\n","protected":false},"featured_media":627021,"comment_status":"open","ping_status":"closed","template":"","meta":{"_et_pb_use_builder":"","_et_pb_old_content":"","_et_gb_content_width":""},"product_brand":[],"product_cat":[92],"product_tag":[],"class_list":{"0":"post-570175","1":"product","2":"type-product","3":"status-publish","4":"has-post-thumbnail","6":"product_cat-ciencias","7":"pa_edad-10-anos","8":"pa_edad-8-a-10-anos","9":"pa_marca-edu-science","10":"pa_medidas-4721","11":"pa_medidas-5-x-22","12":"pa_medidas-5-x-6-cm","14":"first","15":"instock","16":"shipping-taxable","17":"purchasable","18":"product-type-simple"},"aioseo_notices":[],"_links":{"self":[{"href":"https:\/\/aukinkochile.com\/web\/wp-json\/wp\/v2\/product\/570175","targetHints":{"allow":["GET"]}}],"collection":[{"href":"https:\/\/aukinkochile.com\/web\/wp-json\/wp\/v2\/product"}],"about":[{"href":"https:\/\/aukinkochile.com\/web\/wp-json\/wp\/v2\/types\/product"}],"replies":[{"embeddable":true,"href":"https:\/\/aukinkochile.com\/web\/wp-json\/wp\/v2\/comments?post=570175"}],"wp:featuredmedia":[{"embeddable":true,"href":"https:\/\/aukinkochile.com\/web\/wp-json\/wp\/v2\/media\/627021"}],"wp:attachment":[{"href":"https:\/\/aukinkochile.com\/web\/wp-json\/wp\/v2\/media?parent=570175"}],"wp:term":[{"taxonomy":"product_brand","embeddable":true,"href":"https:\/\/aukinkochile.com\/web\/wp-json\/wp\/v2\/product_brand?post=570175"},{"taxonomy":"product_cat","embeddable":true,"href":"https:\/\/aukinkochile.com\/web\/wp-json\/wp\/v2\/product_cat?post=570175"},{"taxonomy":"product_tag","embeddable":true,"href":"https:\/\/aukinkochile.com\/web\/wp-json\/wp\/v2\/product_tag?post=570175"}],"curies":[{"name":"wp","href":"https:\/\/api.w.org\/{rel}","templated":true}]}}