{"id":570129,"date":"2021-09-22T04:34:53","date_gmt":"2021-09-22T04:34:53","guid":{"rendered":"https:\/\/aukinkochile.com\/web\/producto\/teatro-titeres-madera\/"},"modified":"2023-12-13T15:42:40","modified_gmt":"2023-12-13T15:42:40","slug":"teatro-titeres-madera","status":"publish","type":"product","link":"https:\/\/aukinkochile.com\/web\/producto\/teatro-titeres-madera\/","title":{"rendered":"Teatro T\u00edteres Madera"},"content":{"rendered":"<p>Hermoso teatro de t\u00edteres de madera para crear las historias m\u00e1s divertidas. Los juegos de roles estimulan la imaginaci\u00f3n de los m\u00e1s peque\u00f1os y les permiten un entretenido canal de comunicaci\u00f3n con los adultos. De material resistente y con pintura no t\u00f3xica.<\/p>\n<p><p><strong>Material : <\/strong> MADERA<\/p>\n<p><strong>C\u00f3digo Aukinko : <\/strong> 11-788014<\/p>\n<p><strong>C\u00f3digo Convenio Marco : <\/strong> <\/p>\n","protected":false},"excerpt":{"rendered":"<p>Hermoso teatro de t\u00edteres de madera para crear las historias m\u00e1s divertidas. Los juegos de roles estimulan la imaginaci\u00f3n de los m\u00e1s peque\u00f1os y les permiten un entretenido canal de comunicaci\u00f3n con los adultos. De material resistente y con pintura no t\u00f3xica. Material : MADERA C\u00f3digo Aukinko : 11-788014 C\u00f3digo Convenio Marco :<\/p>\n","protected":false},"featured_media":626347,"comment_status":"open","ping_status":"closed","template":"","meta":{"_et_pb_use_builder":"","_et_pb_old_content":"","_et_gb_content_width":""},"product_brand":[],"product_cat":[17],"product_tag":[],"class_list":{"0":"post-570129","1":"product","2":"type-product","3":"status-publish","4":"has-post-thumbnail","6":"product_cat-juegos-de-rol","7":"pa_edad-2-a-3-anos","8":"pa_edad-3-a-4-anos","9":"pa_edad-4-a-5-anos","10":"pa_edad-5-a-6-anos","11":"pa_edad-6-a-8-anos","12":"pa_edad-8-a-10-anos","13":"pa_marca-trudi","14":"pa_medidas-58-x-56-x-21-cm","16":"first","17":"instock","18":"shipping-taxable","19":"purchasable","20":"product-type-simple"},"aioseo_notices":[],"_links":{"self":[{"href":"https:\/\/aukinkochile.com\/web\/wp-json\/wp\/v2\/product\/570129","targetHints":{"allow":["GET"]}}],"collection":[{"href":"https:\/\/aukinkochile.com\/web\/wp-json\/wp\/v2\/product"}],"about":[{"href":"https:\/\/aukinkochile.com\/web\/wp-json\/wp\/v2\/types\/product"}],"replies":[{"embeddable":true,"href":"https:\/\/aukinkochile.com\/web\/wp-json\/wp\/v2\/comments?post=570129"}],"wp:featuredmedia":[{"embeddable":true,"href":"https:\/\/aukinkochile.com\/web\/wp-json\/wp\/v2\/media\/626347"}],"wp:attachment":[{"href":"https:\/\/aukinkochile.com\/web\/wp-json\/wp\/v2\/media?parent=570129"}],"wp:term":[{"taxonomy":"product_brand","embeddable":true,"href":"https:\/\/aukinkochile.com\/web\/wp-json\/wp\/v2\/product_brand?post=570129"},{"taxonomy":"product_cat","embeddable":true,"href":"https:\/\/aukinkochile.com\/web\/wp-json\/wp\/v2\/product_cat?post=570129"},{"taxonomy":"product_tag","embeddable":true,"href":"https:\/\/aukinkochile.com\/web\/wp-json\/wp\/v2\/product_tag?post=570129"}],"curies":[{"name":"wp","href":"https:\/\/api.w.org\/{rel}","templated":true}]}}