{"id":570125,"date":"2021-09-22T04:34:52","date_gmt":"2021-09-22T04:34:52","guid":{"rendered":"https:\/\/aukinkochile.com\/web\/producto\/instrumento-pito-madera-c-u\/"},"modified":"2023-12-13T15:42:35","modified_gmt":"2023-12-13T15:42:35","slug":"instrumento-pito-madera-c-u","status":"publish","type":"product","link":"https:\/\/aukinkochile.com\/web\/producto\/instrumento-pito-madera-c-u\/","title":{"rendered":"Instrumento Pito Madera c\/u"},"content":{"rendered":"<p>Pito de madera pintado con pinturas no t\u00f3xicas. De dise\u00f1o alegre y colorido, rico en decoraci\u00f3n y delicadeza en cada detalle. Precio por unidad.<\/p>\n<p><p><strong>Material : <\/strong> MADERA<\/p>\n<p><strong>C\u00f3digo Aukinko : <\/strong> 11-782542<\/p>\n<p><strong>C\u00f3digo Convenio Marco : <\/strong> <\/p>\n","protected":false},"excerpt":{"rendered":"<p>Pito de madera pintado con pinturas no t\u00f3xicas. De dise\u00f1o alegre y colorido, rico en decoraci\u00f3n y delicadeza en cada detalle. Precio por unidad. Material : MADERA C\u00f3digo Aukinko : 11-782542 C\u00f3digo Convenio Marco :<\/p>\n","protected":false},"featured_media":626339,"comment_status":"open","ping_status":"closed","template":"","meta":{"_et_pb_use_builder":"","_et_pb_old_content":"","_et_gb_content_width":""},"product_brand":[],"product_cat":[392],"product_tag":[],"class_list":{"0":"post-570125","1":"product","2":"type-product","3":"status-publish","4":"has-post-thumbnail","6":"product_cat-musica","7":"pa_edad-1-a-2-anos","8":"pa_edad-2-a-3-anos","9":"pa_edad-3-a-4-anos","10":"pa_edad-4-a-5-anos","11":"pa_edad-5-a-6-anos","12":"pa_edad-6-a-8-anos","13":"pa_marca-trudi","14":"pa_medidas-4356","15":"pa_medidas-3-x-2","16":"pa_medidas-4-cm","17":"pa_medidas-4-x-4","19":"first","20":"instock","21":"sale","22":"shipping-taxable","23":"purchasable","24":"product-type-simple"},"aioseo_notices":[],"_links":{"self":[{"href":"https:\/\/aukinkochile.com\/web\/wp-json\/wp\/v2\/product\/570125","targetHints":{"allow":["GET"]}}],"collection":[{"href":"https:\/\/aukinkochile.com\/web\/wp-json\/wp\/v2\/product"}],"about":[{"href":"https:\/\/aukinkochile.com\/web\/wp-json\/wp\/v2\/types\/product"}],"replies":[{"embeddable":true,"href":"https:\/\/aukinkochile.com\/web\/wp-json\/wp\/v2\/comments?post=570125"}],"wp:featuredmedia":[{"embeddable":true,"href":"https:\/\/aukinkochile.com\/web\/wp-json\/wp\/v2\/media\/626339"}],"wp:attachment":[{"href":"https:\/\/aukinkochile.com\/web\/wp-json\/wp\/v2\/media?parent=570125"}],"wp:term":[{"taxonomy":"product_brand","embeddable":true,"href":"https:\/\/aukinkochile.com\/web\/wp-json\/wp\/v2\/product_brand?post=570125"},{"taxonomy":"product_cat","embeddable":true,"href":"https:\/\/aukinkochile.com\/web\/wp-json\/wp\/v2\/product_cat?post=570125"},{"taxonomy":"product_tag","embeddable":true,"href":"https:\/\/aukinkochile.com\/web\/wp-json\/wp\/v2\/product_tag?post=570125"}],"curies":[{"name":"wp","href":"https:\/\/api.w.org\/{rel}","templated":true}]}}