{"id":570117,"date":"2021-09-22T04:34:51","date_gmt":"2021-09-22T04:34:51","guid":{"rendered":"https:\/\/aukinkochile.com\/web\/producto\/juego-de-mesa-de-la-rana\/"},"modified":"2023-12-13T15:42:34","modified_gmt":"2023-12-13T15:42:34","slug":"juego-de-mesa-de-la-rana","status":"publish","type":"product","link":"https:\/\/aukinkochile.com\/web\/producto\/juego-de-mesa-de-la-rana\/","title":{"rendered":"Juego de Mesa La Rana"},"content":{"rendered":"<p>\u00bfCu\u00e1ntas moscas hay en la charca? Ayuda a tu rana para que logre com\u00e9rselas, pero atento a los peces. Haz girar la rueda y conf\u00eda en tu memoria, pon la mosca en el animal y gira el disco. \u00bfQui\u00e9n conseguir\u00e1 comer m\u00e1s? Juego de memoria, estrategia y suerte.<\/p>\n<p><p><strong>Material : <\/strong> MADERA<\/p>\n<p><strong>C\u00f3digo Aukinko : <\/strong> 11-781980<\/p>\n<p><strong>C\u00f3digo Convenio Marco : <\/strong> <\/p>\n","protected":false},"excerpt":{"rendered":"<p>\u00bfCu\u00e1ntas moscas hay en la charca? Ayuda a tu rana para que logre com\u00e9rselas, pero atento a los peces. Haz girar la rueda y conf\u00eda en tu memoria, pon la mosca en el animal y gira el disco. \u00bfQui\u00e9n conseguir\u00e1 comer m\u00e1s? Juego de memoria, estrategia y suerte. Material : MADERA C\u00f3digo Aukinko : 11-781980 [&hellip;]<\/p>\n","protected":false},"featured_media":626337,"comment_status":"open","ping_status":"closed","template":"","meta":{"_et_pb_use_builder":"","_et_pb_old_content":"","_et_gb_content_width":""},"product_brand":[],"product_cat":[149],"product_tag":[],"class_list":{"0":"post-570117","1":"product","2":"type-product","3":"status-publish","4":"has-post-thumbnail","6":"product_cat-juegos-de-mesa","7":"pa_edad-4-a-5-anos","8":"pa_edad-5-a-6-anos","9":"pa_edad-6-a-8-anos","10":"pa_marca-trudi","11":"pa_medidas-4666","12":"pa_medidas-5-cm-caja","13":"pa_medidas-5-x-35-x-6","15":"first","16":"instock","17":"shipping-taxable","18":"purchasable","19":"product-type-simple"},"aioseo_notices":[],"_links":{"self":[{"href":"https:\/\/aukinkochile.com\/web\/wp-json\/wp\/v2\/product\/570117","targetHints":{"allow":["GET"]}}],"collection":[{"href":"https:\/\/aukinkochile.com\/web\/wp-json\/wp\/v2\/product"}],"about":[{"href":"https:\/\/aukinkochile.com\/web\/wp-json\/wp\/v2\/types\/product"}],"replies":[{"embeddable":true,"href":"https:\/\/aukinkochile.com\/web\/wp-json\/wp\/v2\/comments?post=570117"}],"wp:featuredmedia":[{"embeddable":true,"href":"https:\/\/aukinkochile.com\/web\/wp-json\/wp\/v2\/media\/626337"}],"wp:attachment":[{"href":"https:\/\/aukinkochile.com\/web\/wp-json\/wp\/v2\/media?parent=570117"}],"wp:term":[{"taxonomy":"product_brand","embeddable":true,"href":"https:\/\/aukinkochile.com\/web\/wp-json\/wp\/v2\/product_brand?post=570117"},{"taxonomy":"product_cat","embeddable":true,"href":"https:\/\/aukinkochile.com\/web\/wp-json\/wp\/v2\/product_cat?post=570117"},{"taxonomy":"product_tag","embeddable":true,"href":"https:\/\/aukinkochile.com\/web\/wp-json\/wp\/v2\/product_tag?post=570117"}],"curies":[{"name":"wp","href":"https:\/\/api.w.org\/{rel}","templated":true}]}}