{"id":570107,"date":"2021-09-22T04:34:49","date_gmt":"2021-09-22T04:34:49","guid":{"rendered":"https:\/\/aukinkochile.com\/web\/producto\/titere-peluche-cuervo-bruja\/"},"modified":"2023-12-13T15:42:29","modified_gmt":"2023-12-13T15:42:29","slug":"titere-peluche-cuervo-bruja","status":"publish","type":"product","link":"https:\/\/aukinkochile.com\/web\/producto\/titere-peluche-cuervo-bruja\/","title":{"rendered":"T\u00edtere Peluche Cuervo Bruja 30 cm"},"content":{"rendered":"<p>Este hermoso t\u00edtere de Trudi es lo m\u00e1s dulce y entretenido para los m\u00e1s peque\u00f1os. Los invitar\u00e1 a jugar y crear historias estimulando el lenguaje y los juegos de rol, y luego ser\u00e1 el peluche mas suave y tierno para llevar a dormir en la noche.  Fabricado en material de primera calidad, con el m\u00e1ximo cuidado en cada peque\u00f1o detalle. Lavable a m\u00e1quina a 30 grados, tambi\u00e9n se puede lavar a mano utilizando una esponja y jab\u00f3n neutro.<\/p>\n<p><p><strong>Material : <\/strong> FELPA<\/p>\n<p><strong>C\u00f3digo Aukinko : <\/strong> 11-729978<\/p>\n<p><strong>C\u00f3digo Convenio Marco : <\/strong> <\/p>\n","protected":false},"excerpt":{"rendered":"<p>Este hermoso t\u00edtere de Trudi es lo m\u00e1s dulce y entretenido para los m\u00e1s peque\u00f1os. Los invitar\u00e1 a jugar y crear historias estimulando el lenguaje y los juegos de rol, y luego ser\u00e1 el peluche mas suave y tierno para llevar a dormir en la noche. Fabricado en material de primera calidad, con el m\u00e1ximo [&hellip;]<\/p>\n","protected":false},"featured_media":626334,"comment_status":"open","ping_status":"closed","template":"","meta":{"_et_pb_use_builder":"","_et_pb_old_content":"","_et_gb_content_width":""},"product_brand":[],"product_cat":[17,212],"product_tag":[],"class_list":{"0":"post-570107","1":"product","2":"type-product","3":"status-publish","4":"has-post-thumbnail","6":"product_cat-juegos-de-rol","7":"product_cat-munecos-y-figuras","8":"pa_edad-2-a-3-anos","9":"pa_edad-3-a-4-anos","10":"pa_edad-4-a-5-anos","11":"pa_edad-5-a-6-anos","12":"pa_edad-6-a-8-anos","13":"pa_edad-8-a-10-anos","14":"pa_marca-trudi","15":"pa_medidas-30-cm","17":"first","18":"instock","19":"shipping-taxable","20":"purchasable","21":"product-type-simple"},"aioseo_notices":[],"_links":{"self":[{"href":"https:\/\/aukinkochile.com\/web\/wp-json\/wp\/v2\/product\/570107","targetHints":{"allow":["GET"]}}],"collection":[{"href":"https:\/\/aukinkochile.com\/web\/wp-json\/wp\/v2\/product"}],"about":[{"href":"https:\/\/aukinkochile.com\/web\/wp-json\/wp\/v2\/types\/product"}],"replies":[{"embeddable":true,"href":"https:\/\/aukinkochile.com\/web\/wp-json\/wp\/v2\/comments?post=570107"}],"wp:featuredmedia":[{"embeddable":true,"href":"https:\/\/aukinkochile.com\/web\/wp-json\/wp\/v2\/media\/626334"}],"wp:attachment":[{"href":"https:\/\/aukinkochile.com\/web\/wp-json\/wp\/v2\/media?parent=570107"}],"wp:term":[{"taxonomy":"product_brand","embeddable":true,"href":"https:\/\/aukinkochile.com\/web\/wp-json\/wp\/v2\/product_brand?post=570107"},{"taxonomy":"product_cat","embeddable":true,"href":"https:\/\/aukinkochile.com\/web\/wp-json\/wp\/v2\/product_cat?post=570107"},{"taxonomy":"product_tag","embeddable":true,"href":"https:\/\/aukinkochile.com\/web\/wp-json\/wp\/v2\/product_tag?post=570107"}],"curies":[{"name":"wp","href":"https:\/\/api.w.org\/{rel}","templated":true}]}}