{"id":570069,"date":"2021-09-22T04:34:40","date_gmt":"2021-09-22T04:34:40","guid":{"rendered":"https:\/\/aukinkochile.com\/web\/producto\/juego-de-mesa-loto-clasificacion-invierno-y-otono\/"},"modified":"2024-01-03T20:10:02","modified_gmt":"2024-01-03T20:10:02","slug":"juego-de-mesa-loto-clasificacion-invierno-y-otono","status":"publish","type":"product","link":"https:\/\/aukinkochile.com\/web\/producto\/juego-de-mesa-loto-clasificacion-invierno-y-otono\/","title":{"rendered":"Juego de Mesa Loto Clasificaci\u00f3n Invierno y Oto\u00f1o"},"content":{"rendered":"<p>Observe, reconozca, analice y clasifique. Cada ni\u00f1o tiene su propia historia donde reconoce situaciones de la vida real. Contiene 2 cartas de 12 x 12 cm de tema invierno y oto\u00f1o y 16 tarjetas de objetos relacionados.<\/p>\n<p><p><strong>Material : <\/strong> MADERA Y PLASTICO<\/p>\n<p><strong>C\u00f3digo Aukinko : <\/strong> 11-32403316<\/p>\n<p><strong>C\u00f3digo Convenio Marco : <\/strong> <\/p>\n","protected":false},"excerpt":{"rendered":"<p>Observe, reconozca, analice y clasifique. Cada ni\u00f1o tiene su propia historia donde reconoce situaciones de la vida real. Contiene 2 cartas de 12 x 12 cm de tema invierno y oto\u00f1o y 16 tarjetas de objetos relacionados. Material : MADERA Y PLASTICO C\u00f3digo Aukinko : 11-32403316 C\u00f3digo Convenio Marco :<\/p>\n","protected":false},"featured_media":626964,"comment_status":"open","ping_status":"closed","template":"","meta":{"_et_pb_use_builder":"","_et_pb_old_content":"","_et_gb_content_width":""},"product_brand":[],"product_cat":[150,149],"product_tag":[],"class_list":{"0":"post-570069","1":"product","2":"type-product","3":"status-publish","4":"has-post-thumbnail","6":"product_cat-asociacion-y-logica","7":"product_cat-juegos-de-mesa","8":"pa_edad-3-a-4-anos","9":"pa_edad-4-a-5-anos","10":"pa_edad-5-a-6-anos","11":"pa_marca-rolf","12":"pa_medidas-4543","13":"pa_medidas-5-x-28-x-1-cm","15":"first","16":"instock","17":"sale","18":"shipping-taxable","19":"purchasable","20":"product-type-simple"},"aioseo_notices":[],"_links":{"self":[{"href":"https:\/\/aukinkochile.com\/web\/wp-json\/wp\/v2\/product\/570069","targetHints":{"allow":["GET"]}}],"collection":[{"href":"https:\/\/aukinkochile.com\/web\/wp-json\/wp\/v2\/product"}],"about":[{"href":"https:\/\/aukinkochile.com\/web\/wp-json\/wp\/v2\/types\/product"}],"replies":[{"embeddable":true,"href":"https:\/\/aukinkochile.com\/web\/wp-json\/wp\/v2\/comments?post=570069"}],"wp:featuredmedia":[{"embeddable":true,"href":"https:\/\/aukinkochile.com\/web\/wp-json\/wp\/v2\/media\/626964"}],"wp:attachment":[{"href":"https:\/\/aukinkochile.com\/web\/wp-json\/wp\/v2\/media?parent=570069"}],"wp:term":[{"taxonomy":"product_brand","embeddable":true,"href":"https:\/\/aukinkochile.com\/web\/wp-json\/wp\/v2\/product_brand?post=570069"},{"taxonomy":"product_cat","embeddable":true,"href":"https:\/\/aukinkochile.com\/web\/wp-json\/wp\/v2\/product_cat?post=570069"},{"taxonomy":"product_tag","embeddable":true,"href":"https:\/\/aukinkochile.com\/web\/wp-json\/wp\/v2\/product_tag?post=570069"}],"curies":[{"name":"wp","href":"https:\/\/api.w.org\/{rel}","templated":true}]}}