{"id":570067,"date":"2021-09-22T04:34:40","date_gmt":"2021-09-22T04:34:40","guid":{"rendered":"https:\/\/aukinkochile.com\/web\/producto\/arte-tijera-metalica-4-colores-c-u\/"},"modified":"2024-01-03T20:10:02","modified_gmt":"2024-01-03T20:10:02","slug":"arte-tijera-metalica-4-colores-c-u","status":"publish","type":"product","link":"https:\/\/aukinkochile.com\/web\/producto\/arte-tijera-metalica-4-colores-c-u\/","title":{"rendered":"Tijera Met\u00e1lica 4 Color c\/u"},"content":{"rendered":"<p>Tijera dise\u00f1ada especialmente para las manos de ni\u00f1os y ni\u00f1as. Fabricada en acero inoxidable. La forma especialmente dise\u00f1ada del agarre pl\u00e1stico asegura que los ni\u00f1os y ni\u00f1as puedan aprender y perfeccionar las actividades del cortado. Esta peque\u00f1a tijera es f\u00e1cil de usar y segura. El largo de esta tijera es de 14 cm.<\/p>\n<p><p><strong>Material : <\/strong> ACERO Y PLASTICO<\/p>\n<p><strong>C\u00f3digo Aukinko : <\/strong> 11-31274683<\/p>\n<p><strong>C\u00f3digo Convenio Marco : <\/strong> <\/p>\n","protected":false},"excerpt":{"rendered":"<p>Tijera dise\u00f1ada especialmente para las manos de ni\u00f1os y ni\u00f1as. Fabricada en acero inoxidable. La forma especialmente dise\u00f1ada del agarre pl\u00e1stico asegura que los ni\u00f1os y ni\u00f1as puedan aprender y perfeccionar las actividades del cortado. Esta peque\u00f1a tijera es f\u00e1cil de usar y segura. El largo de esta tijera es de 14 cm. Material : [&hellip;]<\/p>\n","protected":false},"featured_media":626963,"comment_status":"open","ping_status":"closed","template":"","meta":{"_et_pb_use_builder":"","_et_pb_old_content":"","_et_gb_content_width":""},"product_brand":[],"product_cat":[91,21],"product_tag":[],"class_list":{"0":"post-570067","1":"product","2":"type-product","3":"status-publish","4":"has-post-thumbnail","6":"product_cat-accesorios-sala","7":"product_cat-arte-y-manipulacion","8":"pa_edad-10-anos","9":"pa_edad-4-a-5-anos","10":"pa_edad-5-a-6-anos","11":"pa_edad-6-a-8-anos","12":"pa_edad-8-a-10-anos","13":"pa_marca-rolf","14":"pa_medidas-14-cm","16":"first","17":"instock","18":"sale","19":"shipping-taxable","20":"purchasable","21":"product-type-simple"},"aioseo_notices":[],"_links":{"self":[{"href":"https:\/\/aukinkochile.com\/web\/wp-json\/wp\/v2\/product\/570067","targetHints":{"allow":["GET"]}}],"collection":[{"href":"https:\/\/aukinkochile.com\/web\/wp-json\/wp\/v2\/product"}],"about":[{"href":"https:\/\/aukinkochile.com\/web\/wp-json\/wp\/v2\/types\/product"}],"replies":[{"embeddable":true,"href":"https:\/\/aukinkochile.com\/web\/wp-json\/wp\/v2\/comments?post=570067"}],"wp:featuredmedia":[{"embeddable":true,"href":"https:\/\/aukinkochile.com\/web\/wp-json\/wp\/v2\/media\/626963"}],"wp:attachment":[{"href":"https:\/\/aukinkochile.com\/web\/wp-json\/wp\/v2\/media?parent=570067"}],"wp:term":[{"taxonomy":"product_brand","embeddable":true,"href":"https:\/\/aukinkochile.com\/web\/wp-json\/wp\/v2\/product_brand?post=570067"},{"taxonomy":"product_cat","embeddable":true,"href":"https:\/\/aukinkochile.com\/web\/wp-json\/wp\/v2\/product_cat?post=570067"},{"taxonomy":"product_tag","embeddable":true,"href":"https:\/\/aukinkochile.com\/web\/wp-json\/wp\/v2\/product_tag?post=570067"}],"curies":[{"name":"wp","href":"https:\/\/api.w.org\/{rel}","templated":true}]}}