{"id":569951,"date":"2021-09-22T04:34:14","date_gmt":"2021-09-22T04:34:14","guid":{"rendered":"https:\/\/aukinkochile.com\/web\/producto\/casa-de-muneca-tela-carpa-tipi-cheyenne\/"},"modified":"2024-01-03T19:20:33","modified_gmt":"2024-01-03T19:20:33","slug":"casa-de-muneca-tela-carpa-tipi-cheyenne","status":"publish","type":"product","link":"https:\/\/aukinkochile.com\/web\/producto\/casa-de-muneca-tela-carpa-tipi-cheyenne\/","title":{"rendered":"Carpa Tipi Cheyenne"},"content":{"rendered":"<p>Carpa de g\u00e9nero en forma de \u00abA\u00bb con abertura adelante. Ideal para los juegos de rol de los ni\u00f1os. Plegable y f\u00e1cil de guardar. Fabricada con material resistente y hermoso dise\u00f1o cuidado.<\/p>\n<p><p><strong>Material : <\/strong> GENERO Y MADERA<\/p>\n<p><strong>C\u00f3digo Aukinko : <\/strong> 10-27709<\/p>\n<p><strong>C\u00f3digo Convenio Marco : <\/strong> <\/p>\n","protected":false},"excerpt":{"rendered":"<p>Carpa de g\u00e9nero en forma de \u00abA\u00bb con abertura adelante. Ideal para los juegos de rol de los ni\u00f1os. Plegable y f\u00e1cil de guardar. Fabricada con material resistente y hermoso dise\u00f1o cuidado. Material : GENERO Y MADERA C\u00f3digo Aukinko : 10-27709 C\u00f3digo Convenio Marco :<\/p>\n","protected":false},"featured_media":626935,"comment_status":"open","ping_status":"closed","template":"","meta":{"_et_pb_use_builder":"","_et_pb_old_content":"","_et_gb_content_width":""},"product_brand":[],"product_cat":[91,17],"product_tag":[],"class_list":{"0":"post-569951","1":"product","2":"type-product","3":"status-publish","4":"has-post-thumbnail","6":"product_cat-accesorios-sala","7":"product_cat-juegos-de-rol","8":"pa_edad-2-a-3-anos","9":"pa_edad-3-a-4-anos","10":"pa_edad-4-a-5-anos","11":"pa_edad-5-a-6-anos","12":"pa_edad-6-a-8-anos","13":"pa_marca-vilac","14":"pa_medidas-130-x-150-x-130-cm","16":"first","17":"instock","18":"shipping-taxable","19":"purchasable","20":"product-type-simple"},"aioseo_notices":[],"_links":{"self":[{"href":"https:\/\/aukinkochile.com\/web\/wp-json\/wp\/v2\/product\/569951","targetHints":{"allow":["GET"]}}],"collection":[{"href":"https:\/\/aukinkochile.com\/web\/wp-json\/wp\/v2\/product"}],"about":[{"href":"https:\/\/aukinkochile.com\/web\/wp-json\/wp\/v2\/types\/product"}],"replies":[{"embeddable":true,"href":"https:\/\/aukinkochile.com\/web\/wp-json\/wp\/v2\/comments?post=569951"}],"wp:featuredmedia":[{"embeddable":true,"href":"https:\/\/aukinkochile.com\/web\/wp-json\/wp\/v2\/media\/626935"}],"wp:attachment":[{"href":"https:\/\/aukinkochile.com\/web\/wp-json\/wp\/v2\/media?parent=569951"}],"wp:term":[{"taxonomy":"product_brand","embeddable":true,"href":"https:\/\/aukinkochile.com\/web\/wp-json\/wp\/v2\/product_brand?post=569951"},{"taxonomy":"product_cat","embeddable":true,"href":"https:\/\/aukinkochile.com\/web\/wp-json\/wp\/v2\/product_cat?post=569951"},{"taxonomy":"product_tag","embeddable":true,"href":"https:\/\/aukinkochile.com\/web\/wp-json\/wp\/v2\/product_tag?post=569951"}],"curies":[{"name":"wp","href":"https:\/\/api.w.org\/{rel}","templated":true}]}}