{"id":569843,"date":"2021-09-22T04:33:49","date_gmt":"2021-09-22T04:33:49","guid":{"rendered":"https:\/\/aukinkochile.com\/web\/producto\/libro-genero-el-lobo-y-los-3-chanchitos\/"},"modified":"2025-07-28T16:49:14","modified_gmt":"2025-07-28T16:49:14","slug":"libro-genero-el-lobo-y-los-3-chanchitos","status":"publish","type":"product","link":"https:\/\/aukinkochile.com\/web\/producto\/libro-genero-el-lobo-y-los-3-chanchitos\/","title":{"rendered":"Libro Genero El Lobo y Los 3 Chanchitos"},"content":{"rendered":"<p>Este suave y hermoso libro cuenta la historia de los tres cerditos de una nueva y entretenida forma. Tiene muchas actividades y sorpresas para descubrir junto a la tradicional historia. \u00a1Diversi\u00f3n asegurada!<\/p>\n<p><p><strong>Material : <\/strong> Genero<\/p>\n<p><strong>C\u00f3digo Aukinko : <\/strong> 09-786862<\/p>\n<p><strong>C\u00f3digo Convenio Marco : <\/strong> x<\/p>\n","protected":false},"excerpt":{"rendered":"<p>Este suave y hermoso libro cuenta la historia de los tres cerditos de una nueva y entretenida forma. Tiene muchas actividades y sorpresas para descubrir junto a la tradicional historia. \u00a1Diversi\u00f3n asegurada! Material : Genero C\u00f3digo Aukinko : 09-786862 C\u00f3digo Convenio Marco : x<\/p>\n","protected":false},"featured_media":626883,"comment_status":"open","ping_status":"closed","template":"","meta":{"_et_pb_use_builder":"","_et_pb_old_content":"","_et_gb_content_width":""},"product_brand":[],"product_cat":[151,23],"product_tag":[],"class_list":{"0":"post-569843","1":"product","2":"type-product","3":"status-publish","4":"has-post-thumbnail","6":"product_cat-lenguaje","7":"product_cat-primeros-anos","8":"pa_edad-0-a-1-ano","9":"pa_edad-1-a-2-anos","10":"pa_edad-2-a-3-anos","11":"pa_edad-3-a-4-anos","12":"pa_marca-lilliputiens","13":"pa_medidas-28-x-22-cm","15":"first","16":"instock","17":"shipping-taxable","18":"purchasable","19":"product-type-simple"},"aioseo_notices":[],"_links":{"self":[{"href":"https:\/\/aukinkochile.com\/web\/wp-json\/wp\/v2\/product\/569843","targetHints":{"allow":["GET"]}}],"collection":[{"href":"https:\/\/aukinkochile.com\/web\/wp-json\/wp\/v2\/product"}],"about":[{"href":"https:\/\/aukinkochile.com\/web\/wp-json\/wp\/v2\/types\/product"}],"replies":[{"embeddable":true,"href":"https:\/\/aukinkochile.com\/web\/wp-json\/wp\/v2\/comments?post=569843"}],"wp:featuredmedia":[{"embeddable":true,"href":"https:\/\/aukinkochile.com\/web\/wp-json\/wp\/v2\/media\/626883"}],"wp:attachment":[{"href":"https:\/\/aukinkochile.com\/web\/wp-json\/wp\/v2\/media?parent=569843"}],"wp:term":[{"taxonomy":"product_brand","embeddable":true,"href":"https:\/\/aukinkochile.com\/web\/wp-json\/wp\/v2\/product_brand?post=569843"},{"taxonomy":"product_cat","embeddable":true,"href":"https:\/\/aukinkochile.com\/web\/wp-json\/wp\/v2\/product_cat?post=569843"},{"taxonomy":"product_tag","embeddable":true,"href":"https:\/\/aukinkochile.com\/web\/wp-json\/wp\/v2\/product_tag?post=569843"}],"curies":[{"name":"wp","href":"https:\/\/api.w.org\/{rel}","templated":true}]}}