{"id":569797,"date":"2021-09-22T04:33:41","date_gmt":"2021-09-22T04:33:41","guid":{"rendered":"https:\/\/aukinkochile.com\/web\/producto\/muneca-genero-blanca-nieves-reversible\/"},"modified":"2025-07-28T16:49:09","modified_gmt":"2025-07-28T16:49:09","slug":"muneca-genero-blanca-nieves-reversible","status":"publish","type":"product","link":"https:\/\/aukinkochile.com\/web\/producto\/muneca-genero-blanca-nieves-reversible\/","title":{"rendered":"Mu\u00f1eca Genero Blanca Nieves Reversible"},"content":{"rendered":"<p>Hermosa mu\u00f1eca reversible que combina los tres personajes: Blanca Nieves, la bruja y la reina malvada. Divertido y entretenido para contar historias y jugar con los personajes. Los motivos en el vestido de blanca nieves ayudan a que contar la historia sea a\u00fan m\u00e1s f\u00e1cil y divertido. \u00a1Y en su mano lleva un espejo! Un juego ideal para contar historias, estimular la imaginaci\u00f3n de los m\u00e1s peque\u00f1os, el lenguaje y mucho m\u00e1s.<\/p>\n<p><p><strong>Material : <\/strong> Peluche y genero<\/p>\n<p><strong>C\u00f3digo Aukinko : <\/strong> 09-786259<\/p>\n<p><strong>C\u00f3digo Convenio Marco : <\/strong> x<\/p>\n","protected":false},"excerpt":{"rendered":"<p>Hermosa mu\u00f1eca reversible que combina los tres personajes: Blanca Nieves, la bruja y la reina malvada. Divertido y entretenido para contar historias y jugar con los personajes. Los motivos en el vestido de blanca nieves ayudan a que contar la historia sea a\u00fan m\u00e1s f\u00e1cil y divertido. \u00a1Y en su mano lleva un espejo! Un [&hellip;]<\/p>\n","protected":false},"featured_media":626876,"comment_status":"open","ping_status":"closed","template":"","meta":{"_et_pb_use_builder":"","_et_pb_old_content":"","_et_gb_content_width":""},"product_brand":[],"product_cat":[17,151,212,23],"product_tag":[],"class_list":{"0":"post-569797","1":"product","2":"type-product","3":"status-publish","4":"has-post-thumbnail","6":"product_cat-juegos-de-rol","7":"product_cat-lenguaje","8":"product_cat-munecos-y-figuras","9":"product_cat-primeros-anos","10":"pa_edad-0-a-1-ano","11":"pa_edad-1-a-2-anos","12":"pa_edad-2-a-3-anos","13":"pa_edad-3-a-4-anos","14":"pa_edad-4-a-5-anos","15":"pa_marca-lilliputiens","16":"pa_medidas-20-x-25-x-10-cm","18":"first","19":"instock","20":"shipping-taxable","21":"purchasable","22":"product-type-simple"},"aioseo_notices":[],"_links":{"self":[{"href":"https:\/\/aukinkochile.com\/web\/wp-json\/wp\/v2\/product\/569797","targetHints":{"allow":["GET"]}}],"collection":[{"href":"https:\/\/aukinkochile.com\/web\/wp-json\/wp\/v2\/product"}],"about":[{"href":"https:\/\/aukinkochile.com\/web\/wp-json\/wp\/v2\/types\/product"}],"replies":[{"embeddable":true,"href":"https:\/\/aukinkochile.com\/web\/wp-json\/wp\/v2\/comments?post=569797"}],"wp:featuredmedia":[{"embeddable":true,"href":"https:\/\/aukinkochile.com\/web\/wp-json\/wp\/v2\/media\/626876"}],"wp:attachment":[{"href":"https:\/\/aukinkochile.com\/web\/wp-json\/wp\/v2\/media?parent=569797"}],"wp:term":[{"taxonomy":"product_brand","embeddable":true,"href":"https:\/\/aukinkochile.com\/web\/wp-json\/wp\/v2\/product_brand?post=569797"},{"taxonomy":"product_cat","embeddable":true,"href":"https:\/\/aukinkochile.com\/web\/wp-json\/wp\/v2\/product_cat?post=569797"},{"taxonomy":"product_tag","embeddable":true,"href":"https:\/\/aukinkochile.com\/web\/wp-json\/wp\/v2\/product_tag?post=569797"}],"curies":[{"name":"wp","href":"https:\/\/api.w.org\/{rel}","templated":true}]}}