{"id":569789,"date":"2021-09-22T04:33:38","date_gmt":"2021-09-22T04:33:38","guid":{"rendered":"https:\/\/aukinkochile.com\/web\/producto\/bolso-mochila-pablo\/"},"modified":"2025-07-28T16:49:04","modified_gmt":"2025-07-28T16:49:04","slug":"bolso-mochila-pablo","status":"publish","type":"product","link":"https:\/\/aukinkochile.com\/web\/producto\/bolso-mochila-pablo\/","title":{"rendered":"Bolso Mochila Pablo"},"content":{"rendered":"<p>Esta mochila blandita es muy c\u00f3moda y le podr\u00e1 dar mil abrazos. Tiene al entra\u00f1able oso pablo como protagonista y, adem\u00e1s, se ajusta f\u00e1cilmente y es perfecta para que tu peque\u00f1o se sienta a gusto cuando se ponga en camino.<\/p>\n<p><p><strong>Material : <\/strong> Poli\u00e9ster<\/p>\n<p><strong>C\u00f3digo Aukinko : <\/strong> 09-784431<\/p>\n<p><strong>C\u00f3digo Convenio Marco : <\/strong> x<\/p>\n","protected":false},"excerpt":{"rendered":"<p>Esta mochila blandita es muy c\u00f3moda y le podr\u00e1 dar mil abrazos. Tiene al entra\u00f1able oso pablo como protagonista y, adem\u00e1s, se ajusta f\u00e1cilmente y es perfecta para que tu peque\u00f1o se sienta a gusto cuando se ponga en camino. Material : Poli\u00e9ster C\u00f3digo Aukinko : 09-784431 C\u00f3digo Convenio Marco : x<\/p>\n","protected":false},"featured_media":626873,"comment_status":"open","ping_status":"closed","template":"","meta":{"_et_pb_use_builder":"","_et_pb_old_content":"","_et_gb_content_width":""},"product_brand":[],"product_cat":[21],"product_tag":[],"class_list":{"0":"post-569789","1":"product","2":"type-product","3":"status-publish","4":"has-post-thumbnail","6":"product_cat-arte-y-manipulacion","7":"pa_edad-1-a-2-anos","8":"pa_edad-2-a-3-anos","9":"pa_edad-3-a-4-anos","10":"pa_edad-4-a-5-anos","11":"pa_edad-5-a-6-anos","12":"pa_marca-lilliputiens","13":"pa_medidas-20-cm-diametro-x-20-cm","15":"first","16":"instock","17":"shipping-taxable","18":"purchasable","19":"product-type-simple"},"aioseo_notices":[],"_links":{"self":[{"href":"https:\/\/aukinkochile.com\/web\/wp-json\/wp\/v2\/product\/569789","targetHints":{"allow":["GET"]}}],"collection":[{"href":"https:\/\/aukinkochile.com\/web\/wp-json\/wp\/v2\/product"}],"about":[{"href":"https:\/\/aukinkochile.com\/web\/wp-json\/wp\/v2\/types\/product"}],"replies":[{"embeddable":true,"href":"https:\/\/aukinkochile.com\/web\/wp-json\/wp\/v2\/comments?post=569789"}],"wp:featuredmedia":[{"embeddable":true,"href":"https:\/\/aukinkochile.com\/web\/wp-json\/wp\/v2\/media\/626873"}],"wp:attachment":[{"href":"https:\/\/aukinkochile.com\/web\/wp-json\/wp\/v2\/media?parent=569789"}],"wp:term":[{"taxonomy":"product_brand","embeddable":true,"href":"https:\/\/aukinkochile.com\/web\/wp-json\/wp\/v2\/product_brand?post=569789"},{"taxonomy":"product_cat","embeddable":true,"href":"https:\/\/aukinkochile.com\/web\/wp-json\/wp\/v2\/product_cat?post=569789"},{"taxonomy":"product_tag","embeddable":true,"href":"https:\/\/aukinkochile.com\/web\/wp-json\/wp\/v2\/product_tag?post=569789"}],"curies":[{"name":"wp","href":"https:\/\/api.w.org\/{rel}","templated":true}]}}