{"id":569773,"date":"2021-09-22T04:33:35","date_gmt":"2021-09-22T04:33:35","guid":{"rendered":"https:\/\/aukinkochile.com\/web\/producto\/congelador-louise\/"},"modified":"2025-07-28T16:48:52","modified_gmt":"2025-07-28T16:48:52","slug":"congelador-louise","status":"publish","type":"product","link":"https:\/\/aukinkochile.com\/web\/producto\/congelador-louise\/","title":{"rendered":"Congelador Louise"},"content":{"rendered":"<p>Este peque\u00f1o congelador es un acumulador de frio perfecto para utilizarlo para acompa\u00f1ar tus colaciones o almuerzos. Tambi\u00e9n sirve como kit de primeros auxilios, para aplicar frio en casos de fiebre o golpes.<\/p>\n<p><p><strong>Material : <\/strong> Pl\u00e1stico<\/p>\n<p><strong>C\u00f3digo Aukinko : <\/strong> 09-784401<\/p>\n<p><strong>C\u00f3digo Convenio Marco : <\/strong> x<\/p>\n","protected":false},"excerpt":{"rendered":"<p>Este peque\u00f1o congelador es un acumulador de frio perfecto para utilizarlo para acompa\u00f1ar tus colaciones o almuerzos. Tambi\u00e9n sirve como kit de primeros auxilios, para aplicar frio en casos de fiebre o golpes. Material : Pl\u00e1stico C\u00f3digo Aukinko : 09-784401 C\u00f3digo Convenio Marco : x<\/p>\n","protected":false},"featured_media":626868,"comment_status":"open","ping_status":"closed","template":"","meta":{"_et_pb_use_builder":"","_et_pb_old_content":"","_et_gb_content_width":""},"product_brand":[],"product_cat":[21],"product_tag":[],"class_list":{"0":"post-569773","1":"product","2":"type-product","3":"status-publish","4":"has-post-thumbnail","6":"product_cat-arte-y-manipulacion","7":"pa_edad-10-anos","8":"pa_edad-3-a-4-anos","9":"pa_edad-4-a-5-anos","10":"pa_edad-5-a-6-anos","11":"pa_edad-6-a-8-anos","12":"pa_edad-8-a-10-anos","13":"pa_marca-lilliputiens","14":"pa_medidas-11-x-12-cm","16":"first","17":"instock","18":"shipping-taxable","19":"purchasable","20":"product-type-simple"},"aioseo_notices":[],"_links":{"self":[{"href":"https:\/\/aukinkochile.com\/web\/wp-json\/wp\/v2\/product\/569773","targetHints":{"allow":["GET"]}}],"collection":[{"href":"https:\/\/aukinkochile.com\/web\/wp-json\/wp\/v2\/product"}],"about":[{"href":"https:\/\/aukinkochile.com\/web\/wp-json\/wp\/v2\/types\/product"}],"replies":[{"embeddable":true,"href":"https:\/\/aukinkochile.com\/web\/wp-json\/wp\/v2\/comments?post=569773"}],"wp:featuredmedia":[{"embeddable":true,"href":"https:\/\/aukinkochile.com\/web\/wp-json\/wp\/v2\/media\/626868"}],"wp:attachment":[{"href":"https:\/\/aukinkochile.com\/web\/wp-json\/wp\/v2\/media?parent=569773"}],"wp:term":[{"taxonomy":"product_brand","embeddable":true,"href":"https:\/\/aukinkochile.com\/web\/wp-json\/wp\/v2\/product_brand?post=569773"},{"taxonomy":"product_cat","embeddable":true,"href":"https:\/\/aukinkochile.com\/web\/wp-json\/wp\/v2\/product_cat?post=569773"},{"taxonomy":"product_tag","embeddable":true,"href":"https:\/\/aukinkochile.com\/web\/wp-json\/wp\/v2\/product_tag?post=569773"}],"curies":[{"name":"wp","href":"https:\/\/api.w.org\/{rel}","templated":true}]}}