{"id":569741,"date":"2021-09-22T04:33:29","date_gmt":"2021-09-22T04:33:29","guid":{"rendered":"https:\/\/aukinkochile.com\/web\/producto\/camion-remolque-ignace\/"},"modified":"2025-07-28T16:48:27","modified_gmt":"2025-07-28T16:48:27","slug":"camion-remolque-ignace","status":"publish","type":"product","link":"https:\/\/aukinkochile.com\/web\/producto\/camion-remolque-ignace\/","title":{"rendered":"Cami\u00f3n Remolque Ignace"},"content":{"rendered":"<p>El patito Gaspard ha tenido un problema con el coche, pero no hay de qu\u00e9 preocuparse. El burro Ignace llega con su gr\u00faa. Uff, Gaspard ya est\u00e1 por fin en casa, e Ignace se va a recoger a otro veh\u00edculo que se ha averiado. Con este tractor, fabricado con madera y neopreno, los m\u00e1s peque\u00f1os y peque\u00f1as imaginar\u00e1n y vivir\u00e1n las m\u00e1s divertidas aventuras. Dise\u00f1ado en material suave y resistente.<\/p>\n<p><p><strong>Material : <\/strong> Madera y Neopreno<\/p>\n<p><strong>C\u00f3digo Aukinko : <\/strong> 09-783232<\/p>\n<p><strong>C\u00f3digo Convenio Marco : <\/strong> x<\/p>\n","protected":false},"excerpt":{"rendered":"<p>El patito Gaspard ha tenido un problema con el coche, pero no hay de qu\u00e9 preocuparse. El burro Ignace llega con su gr\u00faa. Uff, Gaspard ya est\u00e1 por fin en casa, e Ignace se va a recoger a otro veh\u00edculo que se ha averiado. Con este tractor, fabricado con madera y neopreno, los m\u00e1s peque\u00f1os [&hellip;]<\/p>\n","protected":false},"featured_media":626861,"comment_status":"open","ping_status":"closed","template":"","meta":{"_et_pb_use_builder":"","_et_pb_old_content":"","_et_gb_content_width":""},"product_brand":[],"product_cat":[17,20],"product_tag":[],"class_list":{"0":"post-569741","1":"product","2":"type-product","3":"status-publish","4":"has-post-thumbnail","6":"product_cat-juegos-de-rol","7":"product_cat-motricidad-fina","8":"pa_edad-3-a-4-anos","9":"pa_edad-4-a-5-anos","10":"pa_edad-5-a-6-anos","11":"pa_marca-lilliputiens","12":"pa_medidas-24-x-13-x-16-cm","14":"first","15":"instock","16":"shipping-taxable","17":"purchasable","18":"product-type-simple"},"aioseo_notices":[],"_links":{"self":[{"href":"https:\/\/aukinkochile.com\/web\/wp-json\/wp\/v2\/product\/569741","targetHints":{"allow":["GET"]}}],"collection":[{"href":"https:\/\/aukinkochile.com\/web\/wp-json\/wp\/v2\/product"}],"about":[{"href":"https:\/\/aukinkochile.com\/web\/wp-json\/wp\/v2\/types\/product"}],"replies":[{"embeddable":true,"href":"https:\/\/aukinkochile.com\/web\/wp-json\/wp\/v2\/comments?post=569741"}],"wp:featuredmedia":[{"embeddable":true,"href":"https:\/\/aukinkochile.com\/web\/wp-json\/wp\/v2\/media\/626861"}],"wp:attachment":[{"href":"https:\/\/aukinkochile.com\/web\/wp-json\/wp\/v2\/media?parent=569741"}],"wp:term":[{"taxonomy":"product_brand","embeddable":true,"href":"https:\/\/aukinkochile.com\/web\/wp-json\/wp\/v2\/product_brand?post=569741"},{"taxonomy":"product_cat","embeddable":true,"href":"https:\/\/aukinkochile.com\/web\/wp-json\/wp\/v2\/product_cat?post=569741"},{"taxonomy":"product_tag","embeddable":true,"href":"https:\/\/aukinkochile.com\/web\/wp-json\/wp\/v2\/product_tag?post=569741"}],"curies":[{"name":"wp","href":"https:\/\/api.w.org\/{rel}","templated":true}]}}