{"id":569735,"date":"2021-09-22T04:33:25","date_gmt":"2021-09-22T04:33:25","guid":{"rendered":"https:\/\/aukinkochile.com\/web\/producto\/peluche-vaca-descubrimiento-rosalie\/"},"modified":"2025-07-28T16:48:25","modified_gmt":"2025-07-28T16:48:25","slug":"peluche-vaca-descubrimiento-rosalie","status":"publish","type":"product","link":"https:\/\/aukinkochile.com\/web\/producto\/peluche-vaca-descubrimiento-rosalie\/","title":{"rendered":"Peluche Vaca Descubrimiento Rosalie"},"content":{"rendered":"<p>La vaca Rosalie es todo un reto para los ni\u00f1os curiosos. Sus colores, sonidos, materiales y actividades estimulan los sentidos. Si le aprietas el hocico, mugir\u00e1 de gustito. Poco a poco, los peque\u00f1os y peque\u00f1as ir\u00e1n relacionando acciones y reacciones. Se trata de un juego de actividades muy completo que le servir\u00e1 de apoyo en su desarrollo. Dise\u00f1ado en material suave y resistente.<\/p>\n<p><p><strong>Material : <\/strong> Genero<\/p>\n<p><strong>C\u00f3digo Aukinko : <\/strong> 09-783222<\/p>\n<p><strong>C\u00f3digo Convenio Marco : <\/strong> x<\/p>\n","protected":false},"excerpt":{"rendered":"<p>La vaca Rosalie es todo un reto para los ni\u00f1os curiosos. Sus colores, sonidos, materiales y actividades estimulan los sentidos. Si le aprietas el hocico, mugir\u00e1 de gustito. Poco a poco, los peque\u00f1os y peque\u00f1as ir\u00e1n relacionando acciones y reacciones. Se trata de un juego de actividades muy completo que le servir\u00e1 de apoyo en [&hellip;]<\/p>\n","protected":false},"featured_media":626859,"comment_status":"open","ping_status":"closed","template":"","meta":{"_et_pb_use_builder":"","_et_pb_old_content":"","_et_gb_content_width":""},"product_brand":[],"product_cat":[212,23],"product_tag":[],"class_list":{"0":"post-569735","1":"product","2":"type-product","3":"status-publish","4":"has-post-thumbnail","6":"product_cat-munecos-y-figuras","7":"product_cat-primeros-anos","8":"pa_edad-0-a-1-ano","9":"pa_edad-1-a-2-anos","10":"pa_edad-2-a-3-anos","11":"pa_marca-lilliputiens","12":"pa_medidas-14-x-14-cm","14":"first","15":"instock","16":"shipping-taxable","17":"purchasable","18":"product-type-simple"},"aioseo_notices":[],"_links":{"self":[{"href":"https:\/\/aukinkochile.com\/web\/wp-json\/wp\/v2\/product\/569735","targetHints":{"allow":["GET"]}}],"collection":[{"href":"https:\/\/aukinkochile.com\/web\/wp-json\/wp\/v2\/product"}],"about":[{"href":"https:\/\/aukinkochile.com\/web\/wp-json\/wp\/v2\/types\/product"}],"replies":[{"embeddable":true,"href":"https:\/\/aukinkochile.com\/web\/wp-json\/wp\/v2\/comments?post=569735"}],"wp:featuredmedia":[{"embeddable":true,"href":"https:\/\/aukinkochile.com\/web\/wp-json\/wp\/v2\/media\/626859"}],"wp:attachment":[{"href":"https:\/\/aukinkochile.com\/web\/wp-json\/wp\/v2\/media?parent=569735"}],"wp:term":[{"taxonomy":"product_brand","embeddable":true,"href":"https:\/\/aukinkochile.com\/web\/wp-json\/wp\/v2\/product_brand?post=569735"},{"taxonomy":"product_cat","embeddable":true,"href":"https:\/\/aukinkochile.com\/web\/wp-json\/wp\/v2\/product_cat?post=569735"},{"taxonomy":"product_tag","embeddable":true,"href":"https:\/\/aukinkochile.com\/web\/wp-json\/wp\/v2\/product_tag?post=569735"}],"curies":[{"name":"wp","href":"https:\/\/api.w.org\/{rel}","templated":true}]}}