{"id":569733,"date":"2021-09-22T04:33:25","date_gmt":"2021-09-22T04:33:25","guid":{"rendered":"https:\/\/aukinkochile.com\/web\/producto\/libro-genero-rosalie\/"},"modified":"2025-07-28T16:48:22","modified_gmt":"2025-07-28T16:48:22","slug":"libro-genero-rosalie","status":"publish","type":"product","link":"https:\/\/aukinkochile.com\/web\/producto\/libro-genero-rosalie\/","title":{"rendered":"Libro Genero Rosalie"},"content":{"rendered":"<p>\u00bfQui\u00e9n est\u00e1 escondido detr\u00e1s de la vaca Rosalie? \u00bfY de qui\u00e9n son esas extra\u00f1as patas y esa curiosa cola que asoman? Descubre p\u00e1gina a p\u00e1gina en este libro did\u00e1ctico qui\u00e9nes son los amigos de Rosalie que se esconden detr\u00e1s de ella. Realizado en material suave y resistente.<\/p>\n<p><p><strong>Material : <\/strong> Genero<\/p>\n<p><strong>C\u00f3digo Aukinko : <\/strong> 09-783214<\/p>\n<p><strong>C\u00f3digo Convenio Marco : <\/strong> x<\/p>\n","protected":false},"excerpt":{"rendered":"<p>\u00bfQui\u00e9n est\u00e1 escondido detr\u00e1s de la vaca Rosalie? \u00bfY de qui\u00e9n son esas extra\u00f1as patas y esa curiosa cola que asoman? Descubre p\u00e1gina a p\u00e1gina en este libro did\u00e1ctico qui\u00e9nes son los amigos de Rosalie que se esconden detr\u00e1s de ella. Realizado en material suave y resistente. Material : Genero C\u00f3digo Aukinko : 09-783214 C\u00f3digo [&hellip;]<\/p>\n","protected":false},"featured_media":626858,"comment_status":"open","ping_status":"closed","template":"","meta":{"_et_pb_use_builder":"","_et_pb_old_content":"","_et_gb_content_width":""},"product_brand":[],"product_cat":[151,23],"product_tag":[],"class_list":{"0":"post-569733","1":"product","2":"type-product","3":"status-publish","4":"has-post-thumbnail","6":"product_cat-lenguaje","7":"product_cat-primeros-anos","8":"pa_edad-0-a-1-ano","9":"pa_edad-1-a-2-anos","10":"pa_edad-2-a-3-anos","11":"pa_edad-3-a-4-anos","12":"pa_marca-lilliputiens","13":"pa_medidas-24-x-23-x-3-cm","15":"first","16":"instock","17":"shipping-taxable","18":"purchasable","19":"product-type-simple"},"aioseo_notices":[],"_links":{"self":[{"href":"https:\/\/aukinkochile.com\/web\/wp-json\/wp\/v2\/product\/569733","targetHints":{"allow":["GET"]}}],"collection":[{"href":"https:\/\/aukinkochile.com\/web\/wp-json\/wp\/v2\/product"}],"about":[{"href":"https:\/\/aukinkochile.com\/web\/wp-json\/wp\/v2\/types\/product"}],"replies":[{"embeddable":true,"href":"https:\/\/aukinkochile.com\/web\/wp-json\/wp\/v2\/comments?post=569733"}],"wp:featuredmedia":[{"embeddable":true,"href":"https:\/\/aukinkochile.com\/web\/wp-json\/wp\/v2\/media\/626858"}],"wp:attachment":[{"href":"https:\/\/aukinkochile.com\/web\/wp-json\/wp\/v2\/media?parent=569733"}],"wp:term":[{"taxonomy":"product_brand","embeddable":true,"href":"https:\/\/aukinkochile.com\/web\/wp-json\/wp\/v2\/product_brand?post=569733"},{"taxonomy":"product_cat","embeddable":true,"href":"https:\/\/aukinkochile.com\/web\/wp-json\/wp\/v2\/product_cat?post=569733"},{"taxonomy":"product_tag","embeddable":true,"href":"https:\/\/aukinkochile.com\/web\/wp-json\/wp\/v2\/product_tag?post=569733"}],"curies":[{"name":"wp","href":"https:\/\/api.w.org\/{rel}","templated":true}]}}