{"id":569725,"date":"2021-09-22T04:33:24","date_gmt":"2021-09-22T04:33:24","guid":{"rendered":"https:\/\/aukinkochile.com\/web\/producto\/sonajero-llavero-sensorial-granja\/"},"modified":"2025-07-28T16:48:13","modified_gmt":"2025-07-28T16:48:13","slug":"sonajero-llavero-sensorial-granja","status":"publish","type":"product","link":"https:\/\/aukinkochile.com\/web\/producto\/sonajero-llavero-sensorial-granja\/","title":{"rendered":"Sonajero Llavero Sensorial Granja"},"content":{"rendered":"<p>Una diversa gama de materiales, colores y sonidos hace de este llavero una aut\u00e9ntica experiencia de descubrimientos para los m\u00e1s peque\u00f1os.<\/p>\n<p><p><strong>Material : <\/strong> Poli\u00e9ster, Madera y Silicona<\/p>\n<p><strong>C\u00f3digo Aukinko : <\/strong> 09-783194<\/p>\n<p><strong>C\u00f3digo Convenio Marco : <\/strong> x<\/p>\n","protected":false},"excerpt":{"rendered":"<p>Una diversa gama de materiales, colores y sonidos hace de este llavero una aut\u00e9ntica experiencia de descubrimientos para los m\u00e1s peque\u00f1os. Material : Poli\u00e9ster, Madera y Silicona C\u00f3digo Aukinko : 09-783194 C\u00f3digo Convenio Marco : x<\/p>\n","protected":false},"featured_media":626854,"comment_status":"open","ping_status":"closed","template":"","meta":{"_et_pb_use_builder":"","_et_pb_old_content":"","_et_gb_content_width":""},"product_brand":[],"product_cat":[23],"product_tag":[],"class_list":{"0":"post-569725","1":"product","2":"type-product","3":"status-publish","4":"has-post-thumbnail","6":"product_cat-primeros-anos","7":"pa_edad-0-a-1-ano","8":"pa_marca-lilliputiens","9":"pa_medidas-25-cm-diametro","11":"first","12":"instock","13":"shipping-taxable","14":"purchasable","15":"product-type-simple"},"aioseo_notices":[],"_links":{"self":[{"href":"https:\/\/aukinkochile.com\/web\/wp-json\/wp\/v2\/product\/569725","targetHints":{"allow":["GET"]}}],"collection":[{"href":"https:\/\/aukinkochile.com\/web\/wp-json\/wp\/v2\/product"}],"about":[{"href":"https:\/\/aukinkochile.com\/web\/wp-json\/wp\/v2\/types\/product"}],"replies":[{"embeddable":true,"href":"https:\/\/aukinkochile.com\/web\/wp-json\/wp\/v2\/comments?post=569725"}],"wp:featuredmedia":[{"embeddable":true,"href":"https:\/\/aukinkochile.com\/web\/wp-json\/wp\/v2\/media\/626854"}],"wp:attachment":[{"href":"https:\/\/aukinkochile.com\/web\/wp-json\/wp\/v2\/media?parent=569725"}],"wp:term":[{"taxonomy":"product_brand","embeddable":true,"href":"https:\/\/aukinkochile.com\/web\/wp-json\/wp\/v2\/product_brand?post=569725"},{"taxonomy":"product_cat","embeddable":true,"href":"https:\/\/aukinkochile.com\/web\/wp-json\/wp\/v2\/product_cat?post=569725"},{"taxonomy":"product_tag","embeddable":true,"href":"https:\/\/aukinkochile.com\/web\/wp-json\/wp\/v2\/product_tag?post=569725"}],"curies":[{"name":"wp","href":"https:\/\/api.w.org\/{rel}","templated":true}]}}