{"id":569723,"date":"2021-09-22T04:33:23","date_gmt":"2021-09-22T04:33:23","guid":{"rendered":"https:\/\/aukinkochile.com\/web\/producto\/sonajero-animales-jungla\/"},"modified":"2025-07-28T16:48:10","modified_gmt":"2025-07-28T16:48:10","slug":"sonajero-animales-jungla","status":"publish","type":"product","link":"https:\/\/aukinkochile.com\/web\/producto\/sonajero-animales-jungla\/","title":{"rendered":"Sonajero Animales Jungla"},"content":{"rendered":"<p>Una diversa gama de materiales, colores y sonidos hace de este llavero una aut\u00e9ntica experiencia de descubrimientos para los m\u00e1s peque\u00f1os. Pablo, Marius, Anatole y Jack se han unido formando un c\u00edrculo. Juega con tus personajes favoritos y descubre miles de sensaciones con este llavero de estimulaci\u00f3n sensorial. Tenemos a Anatole y a Jack mordedores y a Marius y a Pablo como mini-sonajeros. Adem\u00e1s de un espejo donde te podr\u00e1s ver reflejado.\u00a0De material suave y resistente.<\/p>\n<p><p><strong>Material : <\/strong> Pl\u00e1stico y Genero<\/p>\n<p><strong>C\u00f3digo Aukinko : <\/strong> 09-783193<\/p>\n<p><strong>C\u00f3digo Convenio Marco : <\/strong> x<\/p>\n","protected":false},"excerpt":{"rendered":"<p>Una diversa gama de materiales, colores y sonidos hace de este llavero una aut\u00e9ntica experiencia de descubrimientos para los m\u00e1s peque\u00f1os. Pablo, Marius, Anatole y Jack se han unido formando un c\u00edrculo. Juega con tus personajes favoritos y descubre miles de sensaciones con este llavero de estimulaci\u00f3n sensorial. Tenemos a Anatole y a Jack mordedores [&hellip;]<\/p>\n","protected":false},"featured_media":626853,"comment_status":"open","ping_status":"closed","template":"","meta":{"_et_pb_use_builder":"","_et_pb_old_content":"","_et_gb_content_width":""},"product_brand":[],"product_cat":[23],"product_tag":[],"class_list":{"0":"post-569723","1":"product","2":"type-product","3":"status-publish","4":"has-post-thumbnail","6":"product_cat-primeros-anos","7":"pa_edad-0-a-1-ano","8":"pa_edad-1-a-2-anos","9":"pa_marca-lilliputiens","10":"pa_medidas-29-x-22-cm","12":"first","13":"instock","14":"shipping-taxable","15":"purchasable","16":"product-type-simple"},"aioseo_notices":[],"_links":{"self":[{"href":"https:\/\/aukinkochile.com\/web\/wp-json\/wp\/v2\/product\/569723","targetHints":{"allow":["GET"]}}],"collection":[{"href":"https:\/\/aukinkochile.com\/web\/wp-json\/wp\/v2\/product"}],"about":[{"href":"https:\/\/aukinkochile.com\/web\/wp-json\/wp\/v2\/types\/product"}],"replies":[{"embeddable":true,"href":"https:\/\/aukinkochile.com\/web\/wp-json\/wp\/v2\/comments?post=569723"}],"wp:featuredmedia":[{"embeddable":true,"href":"https:\/\/aukinkochile.com\/web\/wp-json\/wp\/v2\/media\/626853"}],"wp:attachment":[{"href":"https:\/\/aukinkochile.com\/web\/wp-json\/wp\/v2\/media?parent=569723"}],"wp:term":[{"taxonomy":"product_brand","embeddable":true,"href":"https:\/\/aukinkochile.com\/web\/wp-json\/wp\/v2\/product_brand?post=569723"},{"taxonomy":"product_cat","embeddable":true,"href":"https:\/\/aukinkochile.com\/web\/wp-json\/wp\/v2\/product_cat?post=569723"},{"taxonomy":"product_tag","embeddable":true,"href":"https:\/\/aukinkochile.com\/web\/wp-json\/wp\/v2\/product_tag?post=569723"}],"curies":[{"name":"wp","href":"https:\/\/api.w.org\/{rel}","templated":true}]}}