{"id":569721,"date":"2021-09-22T04:33:23","date_gmt":"2021-09-22T04:33:23","guid":{"rendered":"https:\/\/aukinkochile.com\/web\/producto\/juego-lanzamiento-pelotas-jack\/"},"modified":"2025-07-28T16:48:08","modified_gmt":"2025-07-28T16:48:08","slug":"juego-lanzamiento-pelotas-jack","status":"publish","type":"product","link":"https:\/\/aukinkochile.com\/web\/producto\/juego-lanzamiento-pelotas-jack\/","title":{"rendered":"Juego Lanzamiento Pelotas Jack"},"content":{"rendered":"<p>Juega a la petanca con tus amigos con este fant\u00e1stico set de Lilliputiens. Haz 4 equipos y que alguien al azar lance el cono. Despu\u00e9s cada equipo tendr\u00e1 2 oportunidades para lanzar las bolas lo m\u00e1s cerca del cono posible, pero \u00a1cuidado! los rivales pueden hacer que tus bolas se vayan lejos golpe\u00e1ndolas. Gana el equipo o la persona que m\u00e1s cerca haya lanzado las dos bolas.\u00a0Divertido juego dise\u00f1ado en material suave y resistente.<\/p>\n<p><p><strong>Material : <\/strong> Genero<\/p>\n<p><strong>C\u00f3digo Aukinko : <\/strong> 09-783192<\/p>\n<p><strong>C\u00f3digo Convenio Marco : <\/strong> x<\/p>\n","protected":false},"excerpt":{"rendered":"<p>Juega a la petanca con tus amigos con este fant\u00e1stico set de Lilliputiens. Haz 4 equipos y que alguien al azar lance el cono. Despu\u00e9s cada equipo tendr\u00e1 2 oportunidades para lanzar las bolas lo m\u00e1s cerca del cono posible, pero \u00a1cuidado! los rivales pueden hacer que tus bolas se vayan lejos golpe\u00e1ndolas. Gana el [&hellip;]<\/p>\n","protected":false},"featured_media":626852,"comment_status":"open","ping_status":"closed","template":"","meta":{"_et_pb_use_builder":"","_et_pb_old_content":"","_et_gb_content_width":""},"product_brand":[],"product_cat":[18],"product_tag":[],"class_list":{"0":"post-569721","1":"product","2":"type-product","3":"status-publish","4":"has-post-thumbnail","6":"product_cat-motricidad-gruesa","7":"pa_edad-10-anos","8":"pa_edad-4-a-5-anos","9":"pa_edad-5-a-6-anos","10":"pa_edad-6-a-8-anos","11":"pa_edad-8-a-10-anos","12":"pa_marca-lilliputiens","13":"pa_medidas-12-x-7-cm-cono","14":"pa_medidas-6-cm-diametro-pelotas","16":"first","17":"instock","18":"shipping-taxable","19":"purchasable","20":"product-type-simple"},"aioseo_notices":[],"_links":{"self":[{"href":"https:\/\/aukinkochile.com\/web\/wp-json\/wp\/v2\/product\/569721","targetHints":{"allow":["GET"]}}],"collection":[{"href":"https:\/\/aukinkochile.com\/web\/wp-json\/wp\/v2\/product"}],"about":[{"href":"https:\/\/aukinkochile.com\/web\/wp-json\/wp\/v2\/types\/product"}],"replies":[{"embeddable":true,"href":"https:\/\/aukinkochile.com\/web\/wp-json\/wp\/v2\/comments?post=569721"}],"wp:featuredmedia":[{"embeddable":true,"href":"https:\/\/aukinkochile.com\/web\/wp-json\/wp\/v2\/media\/626852"}],"wp:attachment":[{"href":"https:\/\/aukinkochile.com\/web\/wp-json\/wp\/v2\/media?parent=569721"}],"wp:term":[{"taxonomy":"product_brand","embeddable":true,"href":"https:\/\/aukinkochile.com\/web\/wp-json\/wp\/v2\/product_brand?post=569721"},{"taxonomy":"product_cat","embeddable":true,"href":"https:\/\/aukinkochile.com\/web\/wp-json\/wp\/v2\/product_cat?post=569721"},{"taxonomy":"product_tag","embeddable":true,"href":"https:\/\/aukinkochile.com\/web\/wp-json\/wp\/v2\/product_tag?post=569721"}],"curies":[{"name":"wp","href":"https:\/\/api.w.org\/{rel}","templated":true}]}}