{"id":569701,"date":"2021-09-22T04:33:20","date_gmt":"2021-09-22T04:33:20","guid":{"rendered":"https:\/\/aukinkochile.com\/web\/producto\/vehiculo-carro-bomberos-marius\/"},"modified":"2025-07-28T16:48:00","modified_gmt":"2025-07-28T16:48:00","slug":"vehiculo-carro-bomberos-marius","status":"publish","type":"product","link":"https:\/\/aukinkochile.com\/web\/producto\/vehiculo-carro-bomberos-marius\/","title":{"rendered":"Veh\u00edculo Carro Bomberos Marius"},"content":{"rendered":"<p>\u00a1Niinoo, niinoo! El cami\u00f3n de los bomberos sale pitando. Jack y Marius sacan la escalera y desenrollan la manguera, listos para apagar el fuego. El ni\u00f1o vivir\u00e1 alocadas aventuras con este incre\u00edble cami\u00f3n de bomberos hecho de madera y neopreno.\u00a0<\/p>\n<p><p><strong>Material : <\/strong> Madera y Neopreno<\/p>\n<p><strong>C\u00f3digo Aukinko : <\/strong> 09-783182<\/p>\n<p><strong>C\u00f3digo Convenio Marco : <\/strong> x<\/p>\n","protected":false},"excerpt":{"rendered":"<p>\u00a1Niinoo, niinoo! El cami\u00f3n de los bomberos sale pitando. Jack y Marius sacan la escalera y desenrollan la manguera, listos para apagar el fuego. El ni\u00f1o vivir\u00e1 alocadas aventuras con este incre\u00edble cami\u00f3n de bomberos hecho de madera y neopreno.\u00a0 Material : Madera y Neopreno C\u00f3digo Aukinko : 09-783182 C\u00f3digo Convenio Marco : x<\/p>\n","protected":false},"featured_media":626842,"comment_status":"open","ping_status":"closed","template":"","meta":{"_et_pb_use_builder":"","_et_pb_old_content":"","_et_gb_content_width":""},"product_brand":[],"product_cat":[17,18],"product_tag":[],"class_list":{"0":"post-569701","1":"product","2":"type-product","3":"status-publish","4":"has-post-thumbnail","6":"product_cat-juegos-de-rol","7":"product_cat-motricidad-gruesa","8":"pa_edad-2-a-3-anos","9":"pa_edad-3-a-4-anos","10":"pa_edad-4-a-5-anos","11":"pa_marca-lilliputiens","12":"pa_medidas-21-x-13-x-12-cm","14":"first","15":"instock","16":"shipping-taxable","17":"purchasable","18":"product-type-simple"},"aioseo_notices":[],"_links":{"self":[{"href":"https:\/\/aukinkochile.com\/web\/wp-json\/wp\/v2\/product\/569701","targetHints":{"allow":["GET"]}}],"collection":[{"href":"https:\/\/aukinkochile.com\/web\/wp-json\/wp\/v2\/product"}],"about":[{"href":"https:\/\/aukinkochile.com\/web\/wp-json\/wp\/v2\/types\/product"}],"replies":[{"embeddable":true,"href":"https:\/\/aukinkochile.com\/web\/wp-json\/wp\/v2\/comments?post=569701"}],"wp:featuredmedia":[{"embeddable":true,"href":"https:\/\/aukinkochile.com\/web\/wp-json\/wp\/v2\/media\/626842"}],"wp:attachment":[{"href":"https:\/\/aukinkochile.com\/web\/wp-json\/wp\/v2\/media?parent=569701"}],"wp:term":[{"taxonomy":"product_brand","embeddable":true,"href":"https:\/\/aukinkochile.com\/web\/wp-json\/wp\/v2\/product_brand?post=569701"},{"taxonomy":"product_cat","embeddable":true,"href":"https:\/\/aukinkochile.com\/web\/wp-json\/wp\/v2\/product_cat?post=569701"},{"taxonomy":"product_tag","embeddable":true,"href":"https:\/\/aukinkochile.com\/web\/wp-json\/wp\/v2\/product_tag?post=569701"}],"curies":[{"name":"wp","href":"https:\/\/api.w.org\/{rel}","templated":true}]}}