{"id":569629,"date":"2021-09-22T04:33:06","date_gmt":"2021-09-22T04:33:06","guid":{"rendered":"https:\/\/aukinkochile.com\/web\/producto\/bano-vasos-de-la-jungla\/"},"modified":"2025-07-28T16:47:53","modified_gmt":"2025-07-28T16:47:53","slug":"bano-vasos-de-la-jungla","status":"publish","type":"product","link":"https:\/\/aukinkochile.com\/web\/producto\/bano-vasos-de-la-jungla\/","title":{"rendered":"Ba\u00f1o, Vasos De La Jungla"},"content":{"rendered":"<p>A los mas aventureros les encantaran los vasos de la jungla para el ba\u00f1o. Rellena de agua los vasos de Georges, Albert y Anatole, y contempla como a tu peque\u00f1o se le ilumina la cara al crear chorritos de agua.<\/p>\n<p><p><strong>Material : <\/strong> Neopreno<\/p>\n<p><strong>C\u00f3digo Aukinko : <\/strong> 09-783091<\/p>\n<p><strong>C\u00f3digo Convenio Marco : <\/strong> x<\/p>\n","protected":false},"excerpt":{"rendered":"<p>A los mas aventureros les encantaran los vasos de la jungla para el ba\u00f1o. Rellena de agua los vasos de Georges, Albert y Anatole, y contempla como a tu peque\u00f1o se le ilumina la cara al crear chorritos de agua. Material : Neopreno C\u00f3digo Aukinko : 09-783091 C\u00f3digo Convenio Marco : x<\/p>\n","protected":false},"featured_media":626829,"comment_status":"open","ping_status":"closed","template":"","meta":{"_et_pb_use_builder":"","_et_pb_old_content":"","_et_gb_content_width":""},"product_brand":[],"product_cat":[17,23],"product_tag":[],"class_list":{"0":"post-569629","1":"product","2":"type-product","3":"status-publish","4":"has-post-thumbnail","6":"product_cat-juegos-de-rol","7":"product_cat-primeros-anos","8":"pa_edad-0-a-1-ano","9":"pa_edad-1-a-2-anos","10":"pa_edad-2-a-3-anos","11":"pa_marca-lilliputiens","12":"pa_medidas-7-x-8-x-12-cm","14":"first","15":"instock","16":"shipping-taxable","17":"purchasable","18":"product-type-simple"},"aioseo_notices":[],"_links":{"self":[{"href":"https:\/\/aukinkochile.com\/web\/wp-json\/wp\/v2\/product\/569629","targetHints":{"allow":["GET"]}}],"collection":[{"href":"https:\/\/aukinkochile.com\/web\/wp-json\/wp\/v2\/product"}],"about":[{"href":"https:\/\/aukinkochile.com\/web\/wp-json\/wp\/v2\/types\/product"}],"replies":[{"embeddable":true,"href":"https:\/\/aukinkochile.com\/web\/wp-json\/wp\/v2\/comments?post=569629"}],"wp:featuredmedia":[{"embeddable":true,"href":"https:\/\/aukinkochile.com\/web\/wp-json\/wp\/v2\/media\/626829"}],"wp:attachment":[{"href":"https:\/\/aukinkochile.com\/web\/wp-json\/wp\/v2\/media?parent=569629"}],"wp:term":[{"taxonomy":"product_brand","embeddable":true,"href":"https:\/\/aukinkochile.com\/web\/wp-json\/wp\/v2\/product_brand?post=569629"},{"taxonomy":"product_cat","embeddable":true,"href":"https:\/\/aukinkochile.com\/web\/wp-json\/wp\/v2\/product_cat?post=569629"},{"taxonomy":"product_tag","embeddable":true,"href":"https:\/\/aukinkochile.com\/web\/wp-json\/wp\/v2\/product_tag?post=569629"}],"curies":[{"name":"wp","href":"https:\/\/api.w.org\/{rel}","templated":true}]}}