{"id":569619,"date":"2021-09-22T04:33:05","date_gmt":"2021-09-22T04:33:05","guid":{"rendered":"https:\/\/aukinkochile.com\/web\/producto\/puzle-estaciones-alice\/"},"modified":"2025-07-28T16:47:46","modified_gmt":"2025-07-28T16:47:46","slug":"puzle-estaciones-alice","status":"publish","type":"product","link":"https:\/\/aukinkochile.com\/web\/producto\/puzle-estaciones-alice\/","title":{"rendered":"Puzle Estaciones Alice"},"content":{"rendered":"<p>A tu beb\u00e9 le encantara llevar su bolsita y jugar con sus 4 Puzles distintos. Cada Puzle representa una estaci\u00f3n. Contempla a tu peque\u00f1o mientras se divierte intentando encajar la piezas y ens\u00e9\u00f1ale las distintas estaciones.<\/p>\n<p><p><strong>Material : <\/strong> Genero y Cart\u00f3n<\/p>\n<p><strong>C\u00f3digo Aukinko : <\/strong> 09-783084<\/p>\n<p><strong>C\u00f3digo Convenio Marco : <\/strong> x<\/p>\n","protected":false},"excerpt":{"rendered":"<p>A tu beb\u00e9 le encantara llevar su bolsita y jugar con sus 4 Puzles distintos. Cada Puzle representa una estaci\u00f3n. Contempla a tu peque\u00f1o mientras se divierte intentando encajar la piezas y ens\u00e9\u00f1ale las distintas estaciones. Material : Genero y Cart\u00f3n C\u00f3digo Aukinko : 09-783084 C\u00f3digo Convenio Marco : x<\/p>\n","protected":false},"featured_media":626826,"comment_status":"open","ping_status":"closed","template":"","meta":{"_et_pb_use_builder":"","_et_pb_old_content":"","_et_gb_content_width":""},"product_brand":[],"product_cat":[20,22],"product_tag":[],"class_list":{"0":"post-569619","1":"product","2":"type-product","3":"status-publish","4":"has-post-thumbnail","6":"product_cat-motricidad-fina","7":"product_cat-puzzles","8":"pa_edad-2-a-3-anos","9":"pa_edad-3-a-4-anos","10":"pa_marca-lilliputiens","11":"pa_medidas-19-x-14-cm","13":"first","14":"instock","15":"shipping-taxable","16":"purchasable","17":"product-type-simple"},"aioseo_notices":[],"_links":{"self":[{"href":"https:\/\/aukinkochile.com\/web\/wp-json\/wp\/v2\/product\/569619","targetHints":{"allow":["GET"]}}],"collection":[{"href":"https:\/\/aukinkochile.com\/web\/wp-json\/wp\/v2\/product"}],"about":[{"href":"https:\/\/aukinkochile.com\/web\/wp-json\/wp\/v2\/types\/product"}],"replies":[{"embeddable":true,"href":"https:\/\/aukinkochile.com\/web\/wp-json\/wp\/v2\/comments?post=569619"}],"wp:featuredmedia":[{"embeddable":true,"href":"https:\/\/aukinkochile.com\/web\/wp-json\/wp\/v2\/media\/626826"}],"wp:attachment":[{"href":"https:\/\/aukinkochile.com\/web\/wp-json\/wp\/v2\/media?parent=569619"}],"wp:term":[{"taxonomy":"product_brand","embeddable":true,"href":"https:\/\/aukinkochile.com\/web\/wp-json\/wp\/v2\/product_brand?post=569619"},{"taxonomy":"product_cat","embeddable":true,"href":"https:\/\/aukinkochile.com\/web\/wp-json\/wp\/v2\/product_cat?post=569619"},{"taxonomy":"product_tag","embeddable":true,"href":"https:\/\/aukinkochile.com\/web\/wp-json\/wp\/v2\/product_tag?post=569619"}],"curies":[{"name":"wp","href":"https:\/\/api.w.org\/{rel}","templated":true}]}}