{"id":569595,"date":"2021-09-22T04:32:59","date_gmt":"2021-09-22T04:32:59","guid":{"rendered":"https:\/\/aukinkochile.com\/web\/producto\/bano-panel-cocodrilo\/"},"modified":"2025-07-28T16:47:38","modified_gmt":"2025-07-28T16:47:38","slug":"bano-panel-cocodrilo","status":"publish","type":"product","link":"https:\/\/aukinkochile.com\/web\/producto\/bano-panel-cocodrilo\/","title":{"rendered":"Ba\u00f1o Panel Cocodrilo"},"content":{"rendered":"<p>El cocodrilo est\u00e1 confeccionado en neopreno higi\u00e9nico y se puede colocar en las paredes del ba\u00f1o gracias a sus ventosas. Podr\u00e1 pescar 6 peces en el agua y colocarlos en el lomo del cocodrilo.<\/p>\n<p><p><strong>Material : <\/strong> Neopreno<\/p>\n<p><strong>C\u00f3digo Aukinko : <\/strong> 09-783047<\/p>\n<p><strong>C\u00f3digo Convenio Marco : <\/strong> x<\/p>\n","protected":false},"excerpt":{"rendered":"<p>El cocodrilo est\u00e1 confeccionado en neopreno higi\u00e9nico y se puede colocar en las paredes del ba\u00f1o gracias a sus ventosas. Podr\u00e1 pescar 6 peces en el agua y colocarlos en el lomo del cocodrilo. Material : Neopreno C\u00f3digo Aukinko : 09-783047 C\u00f3digo Convenio Marco : x<\/p>\n","protected":false},"featured_media":626822,"comment_status":"open","ping_status":"closed","template":"","meta":{"_et_pb_use_builder":"","_et_pb_old_content":"","_et_gb_content_width":""},"product_brand":[],"product_cat":[17,18,23],"product_tag":[],"class_list":{"0":"post-569595","1":"product","2":"type-product","3":"status-publish","4":"has-post-thumbnail","6":"product_cat-juegos-de-rol","7":"product_cat-motricidad-gruesa","8":"product_cat-primeros-anos","9":"pa_edad-1-a-2-anos","10":"pa_edad-2-a-3-anos","11":"pa_edad-3-a-4-anos","12":"pa_marca-lilliputiens","13":"pa_medidas-47-x-11-cm","15":"first","16":"instock","17":"shipping-taxable","18":"purchasable","19":"product-type-simple"},"aioseo_notices":[],"_links":{"self":[{"href":"https:\/\/aukinkochile.com\/web\/wp-json\/wp\/v2\/product\/569595","targetHints":{"allow":["GET"]}}],"collection":[{"href":"https:\/\/aukinkochile.com\/web\/wp-json\/wp\/v2\/product"}],"about":[{"href":"https:\/\/aukinkochile.com\/web\/wp-json\/wp\/v2\/types\/product"}],"replies":[{"embeddable":true,"href":"https:\/\/aukinkochile.com\/web\/wp-json\/wp\/v2\/comments?post=569595"}],"wp:featuredmedia":[{"embeddable":true,"href":"https:\/\/aukinkochile.com\/web\/wp-json\/wp\/v2\/media\/626822"}],"wp:attachment":[{"href":"https:\/\/aukinkochile.com\/web\/wp-json\/wp\/v2\/media?parent=569595"}],"wp:term":[{"taxonomy":"product_brand","embeddable":true,"href":"https:\/\/aukinkochile.com\/web\/wp-json\/wp\/v2\/product_brand?post=569595"},{"taxonomy":"product_cat","embeddable":true,"href":"https:\/\/aukinkochile.com\/web\/wp-json\/wp\/v2\/product_cat?post=569595"},{"taxonomy":"product_tag","embeddable":true,"href":"https:\/\/aukinkochile.com\/web\/wp-json\/wp\/v2\/product_tag?post=569595"}],"curies":[{"name":"wp","href":"https:\/\/api.w.org\/{rel}","templated":true}]}}