{"id":569555,"date":"2021-09-22T04:32:51","date_gmt":"2021-09-22T04:32:51","guid":{"rendered":"https:\/\/aukinkochile.com\/web\/producto\/cocina-molde-silicona-anatole\/"},"modified":"2025-07-28T16:47:29","modified_gmt":"2025-07-28T16:47:29","slug":"cocina-molde-silicona-anatole","status":"publish","type":"product","link":"https:\/\/aukinkochile.com\/web\/producto\/cocina-molde-silicona-anatole\/","title":{"rendered":"Cocina Molde Silicona Anatole"},"content":{"rendered":"<p>Se acabaron las \u00abl\u00e1grimas de cocodrilo\u00bb con nuestro bonito molde para bizcochos del cocodrilo Anatole. Este molde con forma de cocodrilo, pr\u00e1ctico y f\u00e1cil de usar, pondr\u00e1 una sonrisa en la cara de tus peque\u00f1os antes incluso de que peguen bocado.<\/p>\n<p><p><strong>Material : <\/strong> Silicona<\/p>\n<p><strong>C\u00f3digo Aukinko : <\/strong> 09-781125<\/p>\n<p><strong>C\u00f3digo Convenio Marco : <\/strong> x<\/p>\n","protected":false},"excerpt":{"rendered":"<p>Se acabaron las \u00abl\u00e1grimas de cocodrilo\u00bb con nuestro bonito molde para bizcochos del cocodrilo Anatole. Este molde con forma de cocodrilo, pr\u00e1ctico y f\u00e1cil de usar, pondr\u00e1 una sonrisa en la cara de tus peque\u00f1os antes incluso de que peguen bocado. Material : Silicona C\u00f3digo Aukinko : 09-781125 C\u00f3digo Convenio Marco : x<\/p>\n","protected":false},"featured_media":626813,"comment_status":"open","ping_status":"closed","template":"","meta":{"_et_pb_use_builder":"","_et_pb_old_content":"","_et_gb_content_width":""},"product_brand":[],"product_cat":[21,17],"product_tag":[],"class_list":{"0":"post-569555","1":"product","2":"type-product","3":"status-publish","4":"has-post-thumbnail","6":"product_cat-arte-y-manipulacion","7":"product_cat-juegos-de-rol","8":"pa_edad-10-anos","9":"pa_edad-5-a-6-anos","10":"pa_edad-6-a-8-anos","11":"pa_edad-8-a-10-anos","12":"pa_marca-lilliputiens","13":"pa_medidas-4362","14":"pa_medidas-5-cm","15":"pa_medidas-5-x-14-x-7","17":"first","18":"instock","19":"shipping-taxable","20":"purchasable","21":"product-type-simple"},"aioseo_notices":[],"_links":{"self":[{"href":"https:\/\/aukinkochile.com\/web\/wp-json\/wp\/v2\/product\/569555","targetHints":{"allow":["GET"]}}],"collection":[{"href":"https:\/\/aukinkochile.com\/web\/wp-json\/wp\/v2\/product"}],"about":[{"href":"https:\/\/aukinkochile.com\/web\/wp-json\/wp\/v2\/types\/product"}],"replies":[{"embeddable":true,"href":"https:\/\/aukinkochile.com\/web\/wp-json\/wp\/v2\/comments?post=569555"}],"wp:featuredmedia":[{"embeddable":true,"href":"https:\/\/aukinkochile.com\/web\/wp-json\/wp\/v2\/media\/626813"}],"wp:attachment":[{"href":"https:\/\/aukinkochile.com\/web\/wp-json\/wp\/v2\/media?parent=569555"}],"wp:term":[{"taxonomy":"product_brand","embeddable":true,"href":"https:\/\/aukinkochile.com\/web\/wp-json\/wp\/v2\/product_brand?post=569555"},{"taxonomy":"product_cat","embeddable":true,"href":"https:\/\/aukinkochile.com\/web\/wp-json\/wp\/v2\/product_cat?post=569555"},{"taxonomy":"product_tag","embeddable":true,"href":"https:\/\/aukinkochile.com\/web\/wp-json\/wp\/v2\/product_tag?post=569555"}],"curies":[{"name":"wp","href":"https:\/\/api.w.org\/{rel}","templated":true}]}}