{"id":569553,"date":"2021-09-22T04:32:51","date_gmt":"2021-09-22T04:32:51","guid":{"rendered":"https:\/\/aukinkochile.com\/web\/producto\/cocina-brocha-silicona-marius\/"},"modified":"2025-07-28T16:47:26","modified_gmt":"2025-07-28T16:47:26","slug":"cocina-brocha-silicona-marius","status":"publish","type":"product","link":"https:\/\/aukinkochile.com\/web\/producto\/cocina-brocha-silicona-marius\/","title":{"rendered":"Cocina Brocha Silicona Marius"},"content":{"rendered":"<p>Los peque\u00f1os chefs podr\u00e1n desarrollar su talento culinario a\u00fan m\u00e1s gracias a este pr\u00e1ctico pincel de cocina de silicona flexible que se puede lavar f\u00e1cilmente. Es perfecto para aplicar grasa vegetal en moldes y platos para hornear.<\/p>\n<p><p><strong>Material : <\/strong> Silicona<\/p>\n<p><strong>C\u00f3digo Aukinko : <\/strong> 09-781115<\/p>\n<p><strong>C\u00f3digo Convenio Marco : <\/strong> x<\/p>\n","protected":false},"excerpt":{"rendered":"<p>Los peque\u00f1os chefs podr\u00e1n desarrollar su talento culinario a\u00fan m\u00e1s gracias a este pr\u00e1ctico pincel de cocina de silicona flexible que se puede lavar f\u00e1cilmente. Es perfecto para aplicar grasa vegetal en moldes y platos para hornear. Material : Silicona C\u00f3digo Aukinko : 09-781115 C\u00f3digo Convenio Marco : x<\/p>\n","protected":false},"featured_media":626812,"comment_status":"open","ping_status":"closed","template":"","meta":{"_et_pb_use_builder":"","_et_pb_old_content":"","_et_gb_content_width":""},"product_brand":[],"product_cat":[21,17],"product_tag":[],"class_list":{"0":"post-569553","1":"product","2":"type-product","3":"status-publish","4":"has-post-thumbnail","6":"product_cat-arte-y-manipulacion","7":"product_cat-juegos-de-rol","8":"pa_edad-10-anos","9":"pa_edad-5-a-6-anos","10":"pa_edad-6-a-8-anos","11":"pa_edad-8-a-10-anos","12":"pa_marca-lilliputiens","13":"pa_medidas-23-x-4","14":"pa_medidas-6-x-1-cm","16":"first","17":"instock","18":"shipping-taxable","19":"purchasable","20":"product-type-simple"},"aioseo_notices":[],"_links":{"self":[{"href":"https:\/\/aukinkochile.com\/web\/wp-json\/wp\/v2\/product\/569553","targetHints":{"allow":["GET"]}}],"collection":[{"href":"https:\/\/aukinkochile.com\/web\/wp-json\/wp\/v2\/product"}],"about":[{"href":"https:\/\/aukinkochile.com\/web\/wp-json\/wp\/v2\/types\/product"}],"replies":[{"embeddable":true,"href":"https:\/\/aukinkochile.com\/web\/wp-json\/wp\/v2\/comments?post=569553"}],"wp:featuredmedia":[{"embeddable":true,"href":"https:\/\/aukinkochile.com\/web\/wp-json\/wp\/v2\/media\/626812"}],"wp:attachment":[{"href":"https:\/\/aukinkochile.com\/web\/wp-json\/wp\/v2\/media?parent=569553"}],"wp:term":[{"taxonomy":"product_brand","embeddable":true,"href":"https:\/\/aukinkochile.com\/web\/wp-json\/wp\/v2\/product_brand?post=569553"},{"taxonomy":"product_cat","embeddable":true,"href":"https:\/\/aukinkochile.com\/web\/wp-json\/wp\/v2\/product_cat?post=569553"},{"taxonomy":"product_tag","embeddable":true,"href":"https:\/\/aukinkochile.com\/web\/wp-json\/wp\/v2\/product_tag?post=569553"}],"curies":[{"name":"wp","href":"https:\/\/api.w.org\/{rel}","templated":true}]}}