{"id":569547,"date":"2021-09-22T04:32:50","date_gmt":"2021-09-22T04:32:50","guid":{"rendered":"https:\/\/aukinkochile.com\/web\/producto\/cocina-molde-silicona-cesar\/"},"modified":"2025-07-28T16:47:24","modified_gmt":"2025-07-28T16:47:24","slug":"cocina-molde-silicona-cesar","status":"publish","type":"product","link":"https:\/\/aukinkochile.com\/web\/producto\/cocina-molde-silicona-cesar\/","title":{"rendered":"Cocina Molde Silicona Cesar"},"content":{"rendered":"<p>Transforma a C\u00e9sar en bizcocho gracias a este molde con la forma de su carita.<\/p>\n<p><p><strong>Material : <\/strong> Silicona<\/p>\n<p><strong>C\u00f3digo Aukinko : <\/strong> 09-781110<\/p>\n<p><strong>C\u00f3digo Convenio Marco : <\/strong> x<\/p>\n","protected":false},"excerpt":{"rendered":"<p>Transforma a C\u00e9sar en bizcocho gracias a este molde con la forma de su carita. Material : Silicona C\u00f3digo Aukinko : 09-781110 C\u00f3digo Convenio Marco : x<\/p>\n","protected":false},"featured_media":626811,"comment_status":"open","ping_status":"closed","template":"","meta":{"_et_pb_use_builder":"","_et_pb_old_content":"","_et_gb_content_width":""},"product_brand":[],"product_cat":[21,17],"product_tag":[],"class_list":{"0":"post-569547","1":"product","2":"type-product","3":"status-publish","4":"has-post-thumbnail","6":"product_cat-arte-y-manipulacion","7":"product_cat-juegos-de-rol","8":"pa_edad-10-anos","9":"pa_edad-5-a-6-anos","10":"pa_edad-6-a-8-anos","11":"pa_edad-8-a-10-anos","12":"pa_marca-lilliputiens","13":"pa_medidas-23-x-22-x-5-cm","15":"first","16":"instock","17":"shipping-taxable","18":"purchasable","19":"product-type-simple"},"aioseo_notices":[],"_links":{"self":[{"href":"https:\/\/aukinkochile.com\/web\/wp-json\/wp\/v2\/product\/569547","targetHints":{"allow":["GET"]}}],"collection":[{"href":"https:\/\/aukinkochile.com\/web\/wp-json\/wp\/v2\/product"}],"about":[{"href":"https:\/\/aukinkochile.com\/web\/wp-json\/wp\/v2\/types\/product"}],"replies":[{"embeddable":true,"href":"https:\/\/aukinkochile.com\/web\/wp-json\/wp\/v2\/comments?post=569547"}],"wp:featuredmedia":[{"embeddable":true,"href":"https:\/\/aukinkochile.com\/web\/wp-json\/wp\/v2\/media\/626811"}],"wp:attachment":[{"href":"https:\/\/aukinkochile.com\/web\/wp-json\/wp\/v2\/media?parent=569547"}],"wp:term":[{"taxonomy":"product_brand","embeddable":true,"href":"https:\/\/aukinkochile.com\/web\/wp-json\/wp\/v2\/product_brand?post=569547"},{"taxonomy":"product_cat","embeddable":true,"href":"https:\/\/aukinkochile.com\/web\/wp-json\/wp\/v2\/product_cat?post=569547"},{"taxonomy":"product_tag","embeddable":true,"href":"https:\/\/aukinkochile.com\/web\/wp-json\/wp\/v2\/product_tag?post=569547"}],"curies":[{"name":"wp","href":"https:\/\/api.w.org\/{rel}","templated":true}]}}