{"id":569510,"date":"2021-09-22T04:32:37","date_gmt":"2021-09-22T04:32:37","guid":{"rendered":"https:\/\/aukinkochile.com\/web\/producto\/cocina-set-ollas-7-pz\/"},"modified":"2026-03-27T16:34:53","modified_gmt":"2026-03-27T16:34:53","slug":"cocina-set-ollas-7-pz","status":"publish","type":"product","link":"https:\/\/aukinkochile.com\/web\/producto\/cocina-set-ollas-7-pz\/","title":{"rendered":"Cocina Ollas set 7 pz"},"content":{"rendered":"<p>El set de ollas incluye 1 colador, 1 sart\u00e9n, 1 olla con mango, 1 olla con tapa y asas (12 cm de di\u00e1metro x 6 cm), 1 cuchar\u00f3n de 18 cm y 1 esp\u00e1tula. Est\u00e1 dise\u00f1ado con gran resistencia y colores brillantes. Este juego de utensilios de cocina es ideal para actividades de juego simb\u00f3lico y puede fomentar la creatividad de los ni\u00f1os.<\/p>\n<p><strong>Material : <\/strong> Pl\u00e1stico Resistente<\/p>\n<p><strong>C\u00f3digo Aukinko : <\/strong> 09-54206<\/p>\n<p><strong>C\u00f3digo Convenio Marco : <\/strong> x<\/p>\n","protected":false},"excerpt":{"rendered":"<p>El set de ollas incluye 1 colador, 1 sart\u00e9n, 1 olla con mango, 1 olla con tapa y asas (12 cm de di\u00e1metro x 6 cm), 1 cuchar\u00f3n de 18 cm y 1 esp\u00e1tula. Est\u00e1 dise\u00f1ado con gran resistencia y colores brillantes. Este juego de utensilios de cocina es ideal para actividades de juego simb\u00f3lico [&hellip;]<\/p>\n","protected":false},"featured_media":623178,"comment_status":"open","ping_status":"closed","template":"","meta":{"_et_pb_use_builder":"","_et_pb_old_content":"","_et_gb_content_width":""},"product_brand":[],"product_cat":[91,17],"product_tag":[],"class_list":{"0":"post-569510","1":"product","2":"type-product","3":"status-publish","4":"has-post-thumbnail","6":"product_cat-accesorios-sala","7":"product_cat-juegos-de-rol","8":"pa_edad-1-a-2-anos","9":"pa_edad-2-a-3-anos","10":"pa_edad-3-a-4-anos","11":"pa_edad-4-a-5-anos","12":"pa_edad-5-a-6-anos","13":"pa_edad-6-a-8-anos","14":"pa_marca-dantoy","15":"pa_medidas-12-x-14-x-26-cm","17":"first","18":"instock","19":"sale","20":"shipping-taxable","21":"purchasable","22":"product-type-simple"},"aioseo_notices":[],"_links":{"self":[{"href":"https:\/\/aukinkochile.com\/web\/wp-json\/wp\/v2\/product\/569510","targetHints":{"allow":["GET"]}}],"collection":[{"href":"https:\/\/aukinkochile.com\/web\/wp-json\/wp\/v2\/product"}],"about":[{"href":"https:\/\/aukinkochile.com\/web\/wp-json\/wp\/v2\/types\/product"}],"replies":[{"embeddable":true,"href":"https:\/\/aukinkochile.com\/web\/wp-json\/wp\/v2\/comments?post=569510"}],"wp:featuredmedia":[{"embeddable":true,"href":"https:\/\/aukinkochile.com\/web\/wp-json\/wp\/v2\/media\/623178"}],"wp:attachment":[{"href":"https:\/\/aukinkochile.com\/web\/wp-json\/wp\/v2\/media?parent=569510"}],"wp:term":[{"taxonomy":"product_brand","embeddable":true,"href":"https:\/\/aukinkochile.com\/web\/wp-json\/wp\/v2\/product_brand?post=569510"},{"taxonomy":"product_cat","embeddable":true,"href":"https:\/\/aukinkochile.com\/web\/wp-json\/wp\/v2\/product_cat?post=569510"},{"taxonomy":"product_tag","embeddable":true,"href":"https:\/\/aukinkochile.com\/web\/wp-json\/wp\/v2\/product_tag?post=569510"}],"curies":[{"name":"wp","href":"https:\/\/api.w.org\/{rel}","templated":true}]}}