{"id":569490,"date":"2021-09-22T04:32:32","date_gmt":"2021-09-22T04:32:32","guid":{"rendered":"https:\/\/aukinkochile.com\/web\/producto\/juego-de-mesa-imitacion-sonido-de-animales\/"},"modified":"2024-01-03T17:05:22","modified_gmt":"2024-01-03T17:05:22","slug":"juego-de-mesa-imitacion-sonido-de-animales","status":"publish","type":"product","link":"https:\/\/aukinkochile.com\/web\/producto\/juego-de-mesa-imitacion-sonido-de-animales\/","title":{"rendered":"Juego de Mesa Imitaci\u00f3n Sonido de Animales"},"content":{"rendered":"<p>El juego para hacer que los ni\u00f1os aprendan activamente sobre los animales mediante el salto incluye 20 esteras con estampado de animales de goma EVA (5 estampados diferentes, 4 de cada impresi\u00f3n), 3 cubos de espuma gigantes y una gu\u00eda de actividades. Este recurso educativo est\u00e1 dise\u00f1ado para que los ni\u00f1os aprendan sobre animales de una manera divertida y activa, fomentando el movimiento y la participaci\u00f3n. La gu\u00eda de actividades proporciona sugerencias para aprovechar al m\u00e1ximo el juego.<\/p>\n<p><p><strong>Material : <\/strong> PLASTICO Y GOMA EVA<\/p>\n<p><strong>C\u00f3digo Aukinko : <\/strong> 09-43363<\/p>\n<p><strong>C\u00f3digo Convenio Marco : <\/strong> <\/p>\n","protected":false},"excerpt":{"rendered":"<p>El juego para hacer que los ni\u00f1os aprendan activamente sobre los animales mediante el salto incluye 20 esteras con estampado de animales de goma EVA (5 estampados diferentes, 4 de cada impresi\u00f3n), 3 cubos de espuma gigantes y una gu\u00eda de actividades. Este recurso educativo est\u00e1 dise\u00f1ado para que los ni\u00f1os aprendan sobre animales de [&hellip;]<\/p>\n","protected":false},"featured_media":626804,"comment_status":"open","ping_status":"closed","template":"","meta":{"_et_pb_use_builder":"","_et_pb_old_content":"","_et_gb_content_width":""},"product_brand":[],"product_cat":[149],"product_tag":[],"class_list":{"0":"post-569490","1":"product","2":"type-product","3":"status-publish","4":"has-post-thumbnail","6":"product_cat-juegos-de-mesa","7":"pa_edad-3-a-4-anos","8":"pa_edad-4-a-5-anos","9":"pa_edad-5-a-6-anos","10":"pa_marca-learning","11":"pa_medidas-26-x-26-x-15-cm","13":"first","14":"instock","15":"sale","16":"shipping-taxable","17":"purchasable","18":"product-type-simple"},"aioseo_notices":[],"_links":{"self":[{"href":"https:\/\/aukinkochile.com\/web\/wp-json\/wp\/v2\/product\/569490","targetHints":{"allow":["GET"]}}],"collection":[{"href":"https:\/\/aukinkochile.com\/web\/wp-json\/wp\/v2\/product"}],"about":[{"href":"https:\/\/aukinkochile.com\/web\/wp-json\/wp\/v2\/types\/product"}],"replies":[{"embeddable":true,"href":"https:\/\/aukinkochile.com\/web\/wp-json\/wp\/v2\/comments?post=569490"}],"wp:featuredmedia":[{"embeddable":true,"href":"https:\/\/aukinkochile.com\/web\/wp-json\/wp\/v2\/media\/626804"}],"wp:attachment":[{"href":"https:\/\/aukinkochile.com\/web\/wp-json\/wp\/v2\/media?parent=569490"}],"wp:term":[{"taxonomy":"product_brand","embeddable":true,"href":"https:\/\/aukinkochile.com\/web\/wp-json\/wp\/v2\/product_brand?post=569490"},{"taxonomy":"product_cat","embeddable":true,"href":"https:\/\/aukinkochile.com\/web\/wp-json\/wp\/v2\/product_cat?post=569490"},{"taxonomy":"product_tag","embeddable":true,"href":"https:\/\/aukinkochile.com\/web\/wp-json\/wp\/v2\/product_tag?post=569490"}],"curies":[{"name":"wp","href":"https:\/\/api.w.org\/{rel}","templated":true}]}}