{"id":569482,"date":"2021-09-22T04:32:30","date_gmt":"2021-09-22T04:32:30","guid":{"rendered":"https:\/\/aukinkochile.com\/web\/producto\/lenguaje-centro-de-silabas-220-tarjetas\/"},"modified":"2025-06-26T16:14:24","modified_gmt":"2025-06-26T16:14:24","slug":"lenguaje-centro-de-silabas-220-tarjetas","status":"publish","type":"product","link":"https:\/\/aukinkochile.com\/web\/producto\/lenguaje-centro-de-silabas-220-tarjetas\/","title":{"rendered":"Fichero Colgante Silabas y 220 Cartas"},"content":{"rendered":"<p>El centro de las s\u00edlabas es una tabla con bolsillos para guardar las s\u00edlabas y figuras. Tambi\u00e9n incluye un tablero de pl\u00e1stico transparente para formar palabras y hacer la correspondencia con la imagen. Viene con 225 tarjetas. Este recurso educativo de gran calidad y resistencia es \u00fatil para actividades relacionadas con el aprendizaje de las s\u00edlabas y la construcci\u00f3n de palabras.<\/p>\n<p><p><strong>Material : <\/strong> Nylon y Pl\u00e1stico<\/p>\n<p><strong>C\u00f3digo Aukinko : <\/strong> 09-42573<\/p>\n<p><strong>C\u00f3digo Convenio Marco : <\/strong> x<\/p>\n","protected":false},"excerpt":{"rendered":"<p>El centro de las s\u00edlabas es una tabla con bolsillos para guardar las s\u00edlabas y figuras. Tambi\u00e9n incluye un tablero de pl\u00e1stico transparente para formar palabras y hacer la correspondencia con la imagen. Viene con 225 tarjetas. Este recurso educativo de gran calidad y resistencia es \u00fatil para actividades relacionadas con el aprendizaje de las [&hellip;]<\/p>\n","protected":false},"featured_media":626803,"comment_status":"open","ping_status":"closed","template":"","meta":{"_et_pb_use_builder":"","_et_pb_old_content":"","_et_gb_content_width":""},"product_brand":[],"product_cat":[91,7385,151],"product_tag":[],"class_list":{"0":"post-569482","1":"product","2":"type-product","3":"status-publish","4":"has-post-thumbnail","6":"product_cat-accesorios-sala","7":"product_cat-estimulacion-cognitiva-y-motora-para-adultos-mayores","8":"product_cat-lenguaje","9":"pa_edad-5-a-6-anos","10":"pa_edad-6-a-8-anos","11":"pa_marca-learning","12":"pa_medidas-71-x-86-cm","14":"first","15":"instock","16":"sale","17":"shipping-taxable","18":"purchasable","19":"product-type-simple"},"aioseo_notices":[],"_links":{"self":[{"href":"https:\/\/aukinkochile.com\/web\/wp-json\/wp\/v2\/product\/569482","targetHints":{"allow":["GET"]}}],"collection":[{"href":"https:\/\/aukinkochile.com\/web\/wp-json\/wp\/v2\/product"}],"about":[{"href":"https:\/\/aukinkochile.com\/web\/wp-json\/wp\/v2\/types\/product"}],"replies":[{"embeddable":true,"href":"https:\/\/aukinkochile.com\/web\/wp-json\/wp\/v2\/comments?post=569482"}],"wp:featuredmedia":[{"embeddable":true,"href":"https:\/\/aukinkochile.com\/web\/wp-json\/wp\/v2\/media\/626803"}],"wp:attachment":[{"href":"https:\/\/aukinkochile.com\/web\/wp-json\/wp\/v2\/media?parent=569482"}],"wp:term":[{"taxonomy":"product_brand","embeddable":true,"href":"https:\/\/aukinkochile.com\/web\/wp-json\/wp\/v2\/product_brand?post=569482"},{"taxonomy":"product_cat","embeddable":true,"href":"https:\/\/aukinkochile.com\/web\/wp-json\/wp\/v2\/product_cat?post=569482"},{"taxonomy":"product_tag","embeddable":true,"href":"https:\/\/aukinkochile.com\/web\/wp-json\/wp\/v2\/product_tag?post=569482"}],"curies":[{"name":"wp","href":"https:\/\/api.w.org\/{rel}","templated":true}]}}