{"id":569480,"date":"2021-09-22T04:32:30","date_gmt":"2021-09-22T04:32:30","guid":{"rendered":"https:\/\/aukinkochile.com\/web\/producto\/lenguaje-letras-alfabeto-268-tarjetas\/"},"modified":"2024-01-03T17:05:21","modified_gmt":"2024-01-03T17:05:21","slug":"lenguaje-letras-alfabeto-268-tarjetas","status":"publish","type":"product","link":"https:\/\/aukinkochile.com\/web\/producto\/lenguaje-letras-alfabeto-268-tarjetas\/","title":{"rendered":"Fichero Colgante Alfabeto y 268 Cartas"},"content":{"rendered":"<p>La tabla con bolsillos para el alfabeto incluye 129 letras y 135 cartas de dibujos. Est\u00e1 hecha de material nylon, siendo resistente y resistente al fuego. Este recurso educativo puede ser utilizado para actividades que involucren la identificaci\u00f3n de letras y vocabulario.<\/p>\n<p><p><strong>Material : <\/strong> NYLON<\/p>\n<p><strong>C\u00f3digo Aukinko : <\/strong> 09-42529<\/p>\n<p><strong>C\u00f3digo Convenio Marco : <\/strong> <\/p>\n","protected":false},"excerpt":{"rendered":"<p>La tabla con bolsillos para el alfabeto incluye 129 letras y 135 cartas de dibujos. Est\u00e1 hecha de material nylon, siendo resistente y resistente al fuego. Este recurso educativo puede ser utilizado para actividades que involucren la identificaci\u00f3n de letras y vocabulario. Material : NYLON C\u00f3digo Aukinko : 09-42529 C\u00f3digo Convenio Marco :<\/p>\n","protected":false},"featured_media":626802,"comment_status":"open","ping_status":"closed","template":"","meta":{"_et_pb_use_builder":"","_et_pb_old_content":"","_et_gb_content_width":""},"product_brand":[],"product_cat":[91,151],"product_tag":[],"class_list":{"0":"post-569480","1":"product","2":"type-product","3":"status-publish","4":"has-post-thumbnail","6":"product_cat-accesorios-sala","7":"product_cat-lenguaje","8":"pa_edad-3-a-4-anos","9":"pa_edad-4-a-5-anos","10":"pa_edad-5-a-6-anos","11":"pa_edad-6-a-8-anos","12":"pa_marca-learning","13":"pa_medidas-95-x-72-cm","15":"first","16":"instock","17":"sale","18":"shipping-taxable","19":"purchasable","20":"product-type-simple"},"aioseo_notices":[],"_links":{"self":[{"href":"https:\/\/aukinkochile.com\/web\/wp-json\/wp\/v2\/product\/569480","targetHints":{"allow":["GET"]}}],"collection":[{"href":"https:\/\/aukinkochile.com\/web\/wp-json\/wp\/v2\/product"}],"about":[{"href":"https:\/\/aukinkochile.com\/web\/wp-json\/wp\/v2\/types\/product"}],"replies":[{"embeddable":true,"href":"https:\/\/aukinkochile.com\/web\/wp-json\/wp\/v2\/comments?post=569480"}],"wp:featuredmedia":[{"embeddable":true,"href":"https:\/\/aukinkochile.com\/web\/wp-json\/wp\/v2\/media\/626802"}],"wp:attachment":[{"href":"https:\/\/aukinkochile.com\/web\/wp-json\/wp\/v2\/media?parent=569480"}],"wp:term":[{"taxonomy":"product_brand","embeddable":true,"href":"https:\/\/aukinkochile.com\/web\/wp-json\/wp\/v2\/product_brand?post=569480"},{"taxonomy":"product_cat","embeddable":true,"href":"https:\/\/aukinkochile.com\/web\/wp-json\/wp\/v2\/product_cat?post=569480"},{"taxonomy":"product_tag","embeddable":true,"href":"https:\/\/aukinkochile.com\/web\/wp-json\/wp\/v2\/product_tag?post=569480"}],"curies":[{"name":"wp","href":"https:\/\/api.w.org\/{rel}","templated":true}]}}