{"id":569478,"date":"2021-09-22T04:32:30","date_gmt":"2021-09-22T04:32:30","guid":{"rendered":"https:\/\/aukinkochile.com\/web\/producto\/lenguaje-piramide-alimenticia-95-cartas\/"},"modified":"2024-01-03T17:05:20","modified_gmt":"2024-01-03T17:05:20","slug":"lenguaje-piramide-alimenticia-95-cartas","status":"publish","type":"product","link":"https:\/\/aukinkochile.com\/web\/producto\/lenguaje-piramide-alimenticia-95-cartas\/","title":{"rendered":"Fichero Colgante Pir\u00e1mide Alimenticia y 95 Cartas"},"content":{"rendered":"<p>La pir\u00e1mide muestra gr\u00e1ficamente los 6 grupos de alimentos en diferentes colores brillantes. Contiene bolsillos para tarjetas claras cosidos en resistente nylon. Este recurso educativo puede ser utilizado para ense\u00f1ar sobre una alimentaci\u00f3n balanceada y los diferentes grupos de alimentos.<\/p>\n<p><p><strong>Material : <\/strong> PLASTICO<\/p>\n<p><strong>C\u00f3digo Aukinko : <\/strong> 09-42494<\/p>\n<p><strong>C\u00f3digo Convenio Marco : <\/strong> <\/p>\n","protected":false},"excerpt":{"rendered":"<p>La pir\u00e1mide muestra gr\u00e1ficamente los 6 grupos de alimentos en diferentes colores brillantes. Contiene bolsillos para tarjetas claras cosidos en resistente nylon. Este recurso educativo puede ser utilizado para ense\u00f1ar sobre una alimentaci\u00f3n balanceada y los diferentes grupos de alimentos. Material : PLASTICO C\u00f3digo Aukinko : 09-42494 C\u00f3digo Convenio Marco :<\/p>\n","protected":false},"featured_media":626801,"comment_status":"open","ping_status":"closed","template":"","meta":{"_et_pb_use_builder":"","_et_pb_old_content":"","_et_gb_content_width":""},"product_brand":[],"product_cat":[91,150,151],"product_tag":[],"class_list":{"0":"post-569478","1":"product","2":"type-product","3":"status-publish","4":"has-post-thumbnail","6":"product_cat-accesorios-sala","7":"product_cat-asociacion-y-logica","8":"product_cat-lenguaje","9":"pa_edad-10-anos","10":"pa_edad-3-a-4-anos","11":"pa_edad-4-a-5-anos","12":"pa_edad-5-a-6-anos","13":"pa_edad-6-a-8-anos","14":"pa_edad-8-a-10-anos","15":"pa_marca-learning","16":"pa_medidas-2-cm","17":"pa_medidas-30-x-100-x-0","19":"first","20":"instock","21":"sale","22":"shipping-taxable","23":"purchasable","24":"product-type-simple"},"aioseo_notices":[],"_links":{"self":[{"href":"https:\/\/aukinkochile.com\/web\/wp-json\/wp\/v2\/product\/569478","targetHints":{"allow":["GET"]}}],"collection":[{"href":"https:\/\/aukinkochile.com\/web\/wp-json\/wp\/v2\/product"}],"about":[{"href":"https:\/\/aukinkochile.com\/web\/wp-json\/wp\/v2\/types\/product"}],"replies":[{"embeddable":true,"href":"https:\/\/aukinkochile.com\/web\/wp-json\/wp\/v2\/comments?post=569478"}],"wp:featuredmedia":[{"embeddable":true,"href":"https:\/\/aukinkochile.com\/web\/wp-json\/wp\/v2\/media\/626801"}],"wp:attachment":[{"href":"https:\/\/aukinkochile.com\/web\/wp-json\/wp\/v2\/media?parent=569478"}],"wp:term":[{"taxonomy":"product_brand","embeddable":true,"href":"https:\/\/aukinkochile.com\/web\/wp-json\/wp\/v2\/product_brand?post=569478"},{"taxonomy":"product_cat","embeddable":true,"href":"https:\/\/aukinkochile.com\/web\/wp-json\/wp\/v2\/product_cat?post=569478"},{"taxonomy":"product_tag","embeddable":true,"href":"https:\/\/aukinkochile.com\/web\/wp-json\/wp\/v2\/product_tag?post=569478"}],"curies":[{"name":"wp","href":"https:\/\/api.w.org\/{rel}","templated":true}]}}