{"id":569476,"date":"2021-09-22T04:32:29","date_gmt":"2021-09-22T04:32:29","guid":{"rendered":"https:\/\/aukinkochile.com\/web\/producto\/juego-de-rol-lentes-de-seguridad\/"},"modified":"2024-01-03T17:05:20","modified_gmt":"2024-01-03T17:05:20","slug":"juego-de-rol-lentes-de-seguridad","status":"publish","type":"product","link":"https:\/\/aukinkochile.com\/web\/producto\/juego-de-rol-lentes-de-seguridad\/","title":{"rendered":"Lentes De Seguridad"},"content":{"rendered":"<p>Lentes de seguridad dise\u00f1ados para trabajar en experimentos cient\u00edficos. Son ajustables y cuentan con excelente resistencia. Tienen dimensiones de 19 x 9 cm.<\/p>\n<p><p><strong>Material : <\/strong> PLASTICO<\/p>\n<p><strong>C\u00f3digo Aukinko : <\/strong> 09-42450<\/p>\n<p><strong>C\u00f3digo Convenio Marco : <\/strong> <\/p>\n","protected":false},"excerpt":{"rendered":"<p>Lentes de seguridad dise\u00f1ados para trabajar en experimentos cient\u00edficos. Son ajustables y cuentan con excelente resistencia. Tienen dimensiones de 19 x 9 cm. Material : PLASTICO C\u00f3digo Aukinko : 09-42450 C\u00f3digo Convenio Marco :<\/p>\n","protected":false},"featured_media":626800,"comment_status":"open","ping_status":"closed","template":"","meta":{"_et_pb_use_builder":"","_et_pb_old_content":"","_et_gb_content_width":""},"product_brand":[],"product_cat":[92,17],"product_tag":[],"class_list":{"0":"post-569476","1":"product","2":"type-product","3":"status-publish","4":"has-post-thumbnail","6":"product_cat-ciencias","7":"product_cat-juegos-de-rol","8":"pa_edad-10-anos","9":"pa_edad-3-a-4-anos","10":"pa_edad-4-a-5-anos","11":"pa_edad-5-a-6-anos","12":"pa_edad-6-a-8-anos","13":"pa_edad-8-a-10-anos","14":"pa_marca-learning","15":"pa_medidas-26-x-18-x-7-cm-envase","17":"first","18":"instock","19":"sale","20":"shipping-taxable","21":"purchasable","22":"product-type-simple"},"aioseo_notices":[],"_links":{"self":[{"href":"https:\/\/aukinkochile.com\/web\/wp-json\/wp\/v2\/product\/569476","targetHints":{"allow":["GET"]}}],"collection":[{"href":"https:\/\/aukinkochile.com\/web\/wp-json\/wp\/v2\/product"}],"about":[{"href":"https:\/\/aukinkochile.com\/web\/wp-json\/wp\/v2\/types\/product"}],"replies":[{"embeddable":true,"href":"https:\/\/aukinkochile.com\/web\/wp-json\/wp\/v2\/comments?post=569476"}],"wp:featuredmedia":[{"embeddable":true,"href":"https:\/\/aukinkochile.com\/web\/wp-json\/wp\/v2\/media\/626800"}],"wp:attachment":[{"href":"https:\/\/aukinkochile.com\/web\/wp-json\/wp\/v2\/media?parent=569476"}],"wp:term":[{"taxonomy":"product_brand","embeddable":true,"href":"https:\/\/aukinkochile.com\/web\/wp-json\/wp\/v2\/product_brand?post=569476"},{"taxonomy":"product_cat","embeddable":true,"href":"https:\/\/aukinkochile.com\/web\/wp-json\/wp\/v2\/product_cat?post=569476"},{"taxonomy":"product_tag","embeddable":true,"href":"https:\/\/aukinkochile.com\/web\/wp-json\/wp\/v2\/product_tag?post=569476"}],"curies":[{"name":"wp","href":"https:\/\/api.w.org\/{rel}","templated":true}]}}