{"id":569450,"date":"2021-09-22T04:32:25","date_gmt":"2021-09-22T04:32:25","guid":{"rendered":"https:\/\/aukinkochile.com\/web\/producto\/deporte-basquetbol-anillo\/"},"modified":"2024-05-02T18:25:45","modified_gmt":"2024-05-02T18:25:45","slug":"deporte-basquetbol-anillo","status":"publish","type":"product","link":"https:\/\/aukinkochile.com\/web\/producto\/deporte-basquetbol-anillo\/","title":{"rendered":"Basquetbol Anillo"},"content":{"rendered":"<p>Aro de basquetbol con aro de fierro y cordeles pl\u00e1sticos, para atornillar en un muro. De alta resistencia y excelente dise\u00f1o. 24 cm di\u00e1metro.<\/p>\n<p><p><strong>Material : <\/strong> Fierro<\/p>\n<p><strong>C\u00f3digo Aukinko : <\/strong> 08-858010<\/p>\n<p><strong>C\u00f3digo Convenio Marco : <\/strong> x<\/p>\n","protected":false},"excerpt":{"rendered":"<p>Aro de basquetbol con aro de fierro y cordeles pl\u00e1sticos, para atornillar en un muro. De alta resistencia y excelente dise\u00f1o. 24 cm di\u00e1metro. Material : Fierro C\u00f3digo Aukinko : 08-858010 C\u00f3digo Convenio Marco : x<\/p>\n","protected":false},"featured_media":624811,"comment_status":"open","ping_status":"closed","template":"","meta":{"_et_pb_use_builder":"","_et_pb_old_content":"","_et_gb_content_width":""},"product_brand":[],"product_cat":[1005,148,18],"product_tag":[],"class_list":{"0":"post-569450","1":"product","2":"type-product","3":"status-publish","4":"has-post-thumbnail","6":"product_cat-accesorios-patio","7":"product_cat-deportes","8":"product_cat-motricidad-gruesa","9":"pa_edad-10-anos","10":"pa_edad-5-a-6-anos","11":"pa_edad-6-a-8-anos","12":"pa_edad-8-a-10-anos","13":"pa_marca-john","14":"pa_medidas-24-cm-diametro","16":"first","17":"instock","18":"shipping-taxable","19":"purchasable","20":"product-type-simple"},"aioseo_notices":[],"_links":{"self":[{"href":"https:\/\/aukinkochile.com\/web\/wp-json\/wp\/v2\/product\/569450","targetHints":{"allow":["GET"]}}],"collection":[{"href":"https:\/\/aukinkochile.com\/web\/wp-json\/wp\/v2\/product"}],"about":[{"href":"https:\/\/aukinkochile.com\/web\/wp-json\/wp\/v2\/types\/product"}],"replies":[{"embeddable":true,"href":"https:\/\/aukinkochile.com\/web\/wp-json\/wp\/v2\/comments?post=569450"}],"wp:featuredmedia":[{"embeddable":true,"href":"https:\/\/aukinkochile.com\/web\/wp-json\/wp\/v2\/media\/624811"}],"wp:attachment":[{"href":"https:\/\/aukinkochile.com\/web\/wp-json\/wp\/v2\/media?parent=569450"}],"wp:term":[{"taxonomy":"product_brand","embeddable":true,"href":"https:\/\/aukinkochile.com\/web\/wp-json\/wp\/v2\/product_brand?post=569450"},{"taxonomy":"product_cat","embeddable":true,"href":"https:\/\/aukinkochile.com\/web\/wp-json\/wp\/v2\/product_cat?post=569450"},{"taxonomy":"product_tag","embeddable":true,"href":"https:\/\/aukinkochile.com\/web\/wp-json\/wp\/v2\/product_tag?post=569450"}],"curies":[{"name":"wp","href":"https:\/\/api.w.org\/{rel}","templated":true}]}}