{"id":569430,"date":"2021-09-22T04:32:19","date_gmt":"2021-09-22T04:32:19","guid":{"rendered":"https:\/\/aukinkochile.com\/web\/producto\/deporte-centro-de-juegos-climplus\/"},"modified":"2024-04-29T20:50:04","modified_gmt":"2024-04-29T20:50:04","slug":"deporte-centro-de-juegos-climplus","status":"publish","type":"product","link":"https:\/\/aukinkochile.com\/web\/producto\/deporte-centro-de-juegos-climplus\/","title":{"rendered":"Centro De Juegos Climplus"},"content":{"rendered":"<p>Gran estructura de madera de motricidad son un campo de juego inagotable. Mientras se divierten y bajo la supervisi\u00f3n obligatoria de un adulto, los ni\u00f1os desarrollaran sus habilidades f\u00edsicas al escalar, deslizarse o gatear, y su curiosidad al descubrir la transparencia (ojos de buey), la sensaci\u00f3n de altura (burbuja), la sensaci\u00f3n de riesgo (escalera\/tobog\u00e1n) o el sentido de orientaci\u00f3n (laberinto) de alta calidad. Las patas son de madera maciza de haya y los paneles en melamina MDF. Los escalones de madera est\u00e1n pintados con pintura antideslizante. (Stock limitado, preguntar por si necesita mas de una unidad)<\/p>\n<p><p><strong>Material : <\/strong> Madera<\/p>\n<p><strong>C\u00f3digo Aukinko : <\/strong> 08-7148998<\/p>\n<p><strong>C\u00f3digo Convenio Marco : <\/strong> x<\/p>\n","protected":false},"excerpt":{"rendered":"<p>Gran estructura de madera de motricidad son un campo de juego inagotable. Mientras se divierten y bajo la supervisi\u00f3n obligatoria de un adulto, los ni\u00f1os desarrollaran sus habilidades f\u00edsicas al escalar, deslizarse o gatear, y su curiosidad al descubrir la transparencia (ojos de buey), la sensaci\u00f3n de altura (burbuja), la sensaci\u00f3n de riesgo (escalera\/tobog\u00e1n) o [&hellip;]<\/p>\n","protected":false},"featured_media":625770,"comment_status":"open","ping_status":"closed","template":"","meta":{"_et_pb_use_builder":"","_et_pb_old_content":"","_et_gb_content_width":""},"product_brand":[],"product_cat":[1005,91,18],"product_tag":[],"class_list":{"0":"post-569430","1":"product","2":"type-product","3":"status-publish","4":"has-post-thumbnail","6":"product_cat-accesorios-patio","7":"product_cat-accesorios-sala","8":"product_cat-motricidad-gruesa","9":"pa_edad-2-a-3-anos","10":"pa_edad-3-a-4-anos","11":"pa_edad-4-a-5-anos","12":"pa_edad-5-a-6-anos","13":"pa_marca-wesco","14":"pa_medidas-253-x-186-x-216","16":"first","17":"instock","18":"shipping-taxable","19":"purchasable","20":"product-type-simple"},"aioseo_notices":[],"_links":{"self":[{"href":"https:\/\/aukinkochile.com\/web\/wp-json\/wp\/v2\/product\/569430","targetHints":{"allow":["GET"]}}],"collection":[{"href":"https:\/\/aukinkochile.com\/web\/wp-json\/wp\/v2\/product"}],"about":[{"href":"https:\/\/aukinkochile.com\/web\/wp-json\/wp\/v2\/types\/product"}],"replies":[{"embeddable":true,"href":"https:\/\/aukinkochile.com\/web\/wp-json\/wp\/v2\/comments?post=569430"}],"wp:featuredmedia":[{"embeddable":true,"href":"https:\/\/aukinkochile.com\/web\/wp-json\/wp\/v2\/media\/625770"}],"wp:attachment":[{"href":"https:\/\/aukinkochile.com\/web\/wp-json\/wp\/v2\/media?parent=569430"}],"wp:term":[{"taxonomy":"product_brand","embeddable":true,"href":"https:\/\/aukinkochile.com\/web\/wp-json\/wp\/v2\/product_brand?post=569430"},{"taxonomy":"product_cat","embeddable":true,"href":"https:\/\/aukinkochile.com\/web\/wp-json\/wp\/v2\/product_cat?post=569430"},{"taxonomy":"product_tag","embeddable":true,"href":"https:\/\/aukinkochile.com\/web\/wp-json\/wp\/v2\/product_tag?post=569430"}],"curies":[{"name":"wp","href":"https:\/\/api.w.org\/{rel}","templated":true}]}}