{"id":569404,"date":"2021-09-22T04:32:15","date_gmt":"2021-09-22T04:32:15","guid":{"rendered":"https:\/\/aukinkochile.com\/web\/producto\/puzle-secuencias-set-8\/"},"modified":"2025-06-26T16:13:45","modified_gmt":"2025-06-26T16:13:45","slug":"puzle-secuencias-set-8","status":"publish","type":"product","link":"https:\/\/aukinkochile.com\/web\/producto\/puzle-secuencias-set-8\/","title":{"rendered":"Puzle Secuencias set 8"},"content":{"rendered":"<p>Puzle de madera impreso y barnizado. Desarrollan la observaci\u00f3n y el razonamiento l\u00f3gico. Favorecen la estructura del discurso. Peque\u00f1as historias para clasificar por orden cronol\u00f3gico que preparan para la lectura y mejoran la comprensi\u00f3n de las nociones de anterioridad y posterioridad. 8 acciones compuestas por tres escenas para reconstruir en orden cronol\u00f3gico. Madera procedente de bosques ecol\u00f3gicamente gestionados. (Stock limitado, preguntar por si necesita mas de una unidad).<\/p>\n<p><p><strong>Material : <\/strong> Madera<\/p>\n<p><strong>C\u00f3digo Aukinko : <\/strong> 08-7133910<\/p>\n<p><strong>C\u00f3digo Convenio Marco : <\/strong> x<\/p>\n","protected":false},"excerpt":{"rendered":"<p>Puzle de madera impreso y barnizado. Desarrollan la observaci\u00f3n y el razonamiento l\u00f3gico. Favorecen la estructura del discurso. Peque\u00f1as historias para clasificar por orden cronol\u00f3gico que preparan para la lectura y mejoran la comprensi\u00f3n de las nociones de anterioridad y posterioridad. 8 acciones compuestas por tres escenas para reconstruir en orden cronol\u00f3gico. Madera procedente de [&hellip;]<\/p>\n","protected":false},"featured_media":625883,"comment_status":"open","ping_status":"closed","template":"","meta":{"_et_pb_use_builder":"","_et_pb_old_content":"","_et_gb_content_width":""},"product_brand":[],"product_cat":[91,150,7385,20,22],"product_tag":[],"class_list":{"0":"post-569404","1":"product","2":"type-product","3":"status-publish","4":"has-post-thumbnail","6":"product_cat-accesorios-sala","7":"product_cat-asociacion-y-logica","8":"product_cat-estimulacion-cognitiva-y-motora-para-adultos-mayores","9":"product_cat-motricidad-fina","10":"product_cat-puzzles","11":"pa_edad-3-a-4-anos","12":"pa_edad-4-a-5-anos","13":"pa_edad-5-a-6-anos","14":"pa_marca-wesco","15":"pa_medidas-4-cm","16":"pa_medidas-cada-pieza-de-7-x-10-x-0","18":"first","19":"instock","20":"shipping-taxable","21":"purchasable","22":"product-type-simple"},"aioseo_notices":[],"_links":{"self":[{"href":"https:\/\/aukinkochile.com\/web\/wp-json\/wp\/v2\/product\/569404","targetHints":{"allow":["GET"]}}],"collection":[{"href":"https:\/\/aukinkochile.com\/web\/wp-json\/wp\/v2\/product"}],"about":[{"href":"https:\/\/aukinkochile.com\/web\/wp-json\/wp\/v2\/types\/product"}],"replies":[{"embeddable":true,"href":"https:\/\/aukinkochile.com\/web\/wp-json\/wp\/v2\/comments?post=569404"}],"wp:featuredmedia":[{"embeddable":true,"href":"https:\/\/aukinkochile.com\/web\/wp-json\/wp\/v2\/media\/625883"}],"wp:attachment":[{"href":"https:\/\/aukinkochile.com\/web\/wp-json\/wp\/v2\/media?parent=569404"}],"wp:term":[{"taxonomy":"product_brand","embeddable":true,"href":"https:\/\/aukinkochile.com\/web\/wp-json\/wp\/v2\/product_brand?post=569404"},{"taxonomy":"product_cat","embeddable":true,"href":"https:\/\/aukinkochile.com\/web\/wp-json\/wp\/v2\/product_cat?post=569404"},{"taxonomy":"product_tag","embeddable":true,"href":"https:\/\/aukinkochile.com\/web\/wp-json\/wp\/v2\/product_tag?post=569404"}],"curies":[{"name":"wp","href":"https:\/\/api.w.org\/{rel}","templated":true}]}}