{"id":569400,"date":"2021-09-22T04:32:14","date_gmt":"2021-09-22T04:32:14","guid":{"rendered":"https:\/\/aukinkochile.com\/web\/producto\/rodado-triciclo-metalico-azul-mediano\/"},"modified":"2024-04-29T20:48:26","modified_gmt":"2024-04-29T20:48:26","slug":"rodado-triciclo-metalico-azul-mediano","status":"publish","type":"product","link":"https:\/\/aukinkochile.com\/web\/producto\/rodado-triciclo-metalico-azul-mediano\/","title":{"rendered":"Triciclo Met\u00e1lico Azul Mediano"},"content":{"rendered":"<p>Triciclo con ruedas resistentes y seguras. De material resistente y de dise\u00f1o ideal para la seguridad de los peque\u00f1os. Con antideslizante en la parte trasera para que los ni\u00f1os puedan pararse. (Stock limitado, preguntar por si necesita mas de una unidad)<\/p>\n<p><p><strong>Material : <\/strong> Metal y Goma<\/p>\n<p><strong>C\u00f3digo Aukinko : <\/strong> 08-7129967<\/p>\n<p><strong>C\u00f3digo Convenio Marco : <\/strong> x<\/p>\n","protected":false},"excerpt":{"rendered":"<p>Triciclo con ruedas resistentes y seguras. De material resistente y de dise\u00f1o ideal para la seguridad de los peque\u00f1os. Con antideslizante en la parte trasera para que los ni\u00f1os puedan pararse. (Stock limitado, preguntar por si necesita mas de una unidad) Material : Metal y Goma C\u00f3digo Aukinko : 08-7129967 C\u00f3digo Convenio Marco : x<\/p>\n","protected":false},"featured_media":625895,"comment_status":"open","ping_status":"closed","template":"","meta":{"_et_pb_use_builder":"","_et_pb_old_content":"","_et_gb_content_width":""},"product_brand":[],"product_cat":[1005,18],"product_tag":[],"class_list":{"0":"post-569400","1":"product","2":"type-product","3":"status-publish","4":"has-post-thumbnail","6":"product_cat-accesorios-patio","7":"product_cat-motricidad-gruesa","8":"pa_edad-2-a-3-anos","9":"pa_edad-3-a-4-anos","10":"pa_marca-wesco","11":"pa_medidas-90-x-31-x-56-cm","13":"first","14":"instock","15":"shipping-taxable","16":"purchasable","17":"product-type-simple"},"aioseo_notices":[],"_links":{"self":[{"href":"https:\/\/aukinkochile.com\/web\/wp-json\/wp\/v2\/product\/569400","targetHints":{"allow":["GET"]}}],"collection":[{"href":"https:\/\/aukinkochile.com\/web\/wp-json\/wp\/v2\/product"}],"about":[{"href":"https:\/\/aukinkochile.com\/web\/wp-json\/wp\/v2\/types\/product"}],"replies":[{"embeddable":true,"href":"https:\/\/aukinkochile.com\/web\/wp-json\/wp\/v2\/comments?post=569400"}],"wp:featuredmedia":[{"embeddable":true,"href":"https:\/\/aukinkochile.com\/web\/wp-json\/wp\/v2\/media\/625895"}],"wp:attachment":[{"href":"https:\/\/aukinkochile.com\/web\/wp-json\/wp\/v2\/media?parent=569400"}],"wp:term":[{"taxonomy":"product_brand","embeddable":true,"href":"https:\/\/aukinkochile.com\/web\/wp-json\/wp\/v2\/product_brand?post=569400"},{"taxonomy":"product_cat","embeddable":true,"href":"https:\/\/aukinkochile.com\/web\/wp-json\/wp\/v2\/product_cat?post=569400"},{"taxonomy":"product_tag","embeddable":true,"href":"https:\/\/aukinkochile.com\/web\/wp-json\/wp\/v2\/product_tag?post=569400"}],"curies":[{"name":"wp","href":"https:\/\/api.w.org\/{rel}","templated":true}]}}