{"id":569233,"date":"2021-09-22T04:31:43","date_gmt":"2021-09-22T04:31:43","guid":{"rendered":"https:\/\/aukinkochile.com\/web\/producto\/puzle-asociacion-tamano\/"},"modified":"2025-11-06T18:41:57","modified_gmt":"2025-11-06T18:41:57","slug":"puzle-asociacion-tamano","status":"publish","type":"product","link":"https:\/\/aukinkochile.com\/web\/producto\/puzle-asociacion-tamano\/","title":{"rendered":"Puzle Tr\u00edo Asociaci\u00f3n Tama\u00f1o"},"content":{"rendered":"<p>Conjunto de 6 rompecabezas con divertidos personajes de animales para ni\u00f1os muy peque\u00f1os. Cada rompecabezas de 3 piezas fomentar\u00e1 las habilidades de reconocimiento de tama\u00f1o ya que los animales se colocan en orden de tama\u00f1o. Primeros Puzles ideales con menos piezas para construcci\u00f3n r\u00e1pida.<\/p>\n<p><p><strong>Material : <\/strong> Cart\u00f3n Duro<\/p>\n<p><strong>C\u00f3digo Aukinko : <\/strong> 08-21005278<\/p>\n<p><strong>C\u00f3digo Convenio Marco : <\/strong> x<\/p>\n","protected":false},"excerpt":{"rendered":"<p>Conjunto de 6 rompecabezas con divertidos personajes de animales para ni\u00f1os muy peque\u00f1os. Cada rompecabezas de 3 piezas fomentar\u00e1 las habilidades de reconocimiento de tama\u00f1o ya que los animales se colocan en orden de tama\u00f1o. Primeros Puzles ideales con menos piezas para construcci\u00f3n r\u00e1pida. Material : Cart\u00f3n Duro C\u00f3digo Aukinko : 08-21005278 C\u00f3digo Convenio Marco [&hellip;]<\/p>\n","protected":false},"featured_media":625316,"comment_status":"open","ping_status":"closed","template":"","meta":{"_et_pb_use_builder":"","_et_pb_old_content":"","_et_gb_content_width":""},"product_brand":[],"product_cat":[91,7385,20,22],"product_tag":[],"class_list":{"0":"post-569233","1":"product","2":"type-product","3":"status-publish","4":"has-post-thumbnail","6":"product_cat-accesorios-sala","7":"product_cat-estimulacion-cognitiva-y-motora-para-adultos-mayores","8":"product_cat-motricidad-fina","9":"product_cat-puzzles","10":"pa_edad-1-a-2-anos","11":"pa_edad-2-a-3-anos","12":"pa_edad-3-a-4-anos","13":"pa_marca-galt","14":"pa_medidas-23-x-17-x-5-cm-caja","16":"first","17":"instock","18":"shipping-taxable","19":"purchasable","20":"product-type-simple"},"aioseo_notices":[],"_links":{"self":[{"href":"https:\/\/aukinkochile.com\/web\/wp-json\/wp\/v2\/product\/569233","targetHints":{"allow":["GET"]}}],"collection":[{"href":"https:\/\/aukinkochile.com\/web\/wp-json\/wp\/v2\/product"}],"about":[{"href":"https:\/\/aukinkochile.com\/web\/wp-json\/wp\/v2\/types\/product"}],"replies":[{"embeddable":true,"href":"https:\/\/aukinkochile.com\/web\/wp-json\/wp\/v2\/comments?post=569233"}],"wp:featuredmedia":[{"embeddable":true,"href":"https:\/\/aukinkochile.com\/web\/wp-json\/wp\/v2\/media\/625316"}],"wp:attachment":[{"href":"https:\/\/aukinkochile.com\/web\/wp-json\/wp\/v2\/media?parent=569233"}],"wp:term":[{"taxonomy":"product_brand","embeddable":true,"href":"https:\/\/aukinkochile.com\/web\/wp-json\/wp\/v2\/product_brand?post=569233"},{"taxonomy":"product_cat","embeddable":true,"href":"https:\/\/aukinkochile.com\/web\/wp-json\/wp\/v2\/product_cat?post=569233"},{"taxonomy":"product_tag","embeddable":true,"href":"https:\/\/aukinkochile.com\/web\/wp-json\/wp\/v2\/product_tag?post=569233"}],"curies":[{"name":"wp","href":"https:\/\/api.w.org\/{rel}","templated":true}]}}