{"id":569221,"date":"2021-09-22T04:31:41","date_gmt":"2021-09-22T04:31:41","guid":{"rendered":"https:\/\/aukinkochile.com\/web\/producto\/puzle-bosque-4-puzles\/"},"modified":"2025-11-06T18:41:49","modified_gmt":"2025-11-06T18:41:49","slug":"puzle-bosque-4-puzles","status":"publish","type":"product","link":"https:\/\/aukinkochile.com\/web\/producto\/puzle-bosque-4-puzles\/","title":{"rendered":"Puzle Progresivo 2, 3, 4 y 5 pz Bosque"},"content":{"rendered":"<p>4 rompecabezas con divertidas escenas de bosque para ni\u00f1os muy peque\u00f1os. Estos primeros y coloridos Puzles, cada uno con n\u00famero distinto de piezas, alentar\u00e1n el desarrollo de habilidades de emparejamiento y clasificaci\u00f3n.<\/p>\n<p><p><strong>Material : <\/strong> Cart\u00f3n Duro<\/p>\n<p><strong>C\u00f3digo Aukinko : <\/strong> 08-21005236<\/p>\n<p><strong>C\u00f3digo Convenio Marco : <\/strong> x<\/p>\n","protected":false},"excerpt":{"rendered":"<p>4 rompecabezas con divertidas escenas de bosque para ni\u00f1os muy peque\u00f1os. Estos primeros y coloridos Puzles, cada uno con n\u00famero distinto de piezas, alentar\u00e1n el desarrollo de habilidades de emparejamiento y clasificaci\u00f3n. Material : Cart\u00f3n Duro C\u00f3digo Aukinko : 08-21005236 C\u00f3digo Convenio Marco : x<\/p>\n","protected":false},"featured_media":625309,"comment_status":"open","ping_status":"closed","template":"","meta":{"_et_pb_use_builder":"","_et_pb_old_content":"","_et_gb_content_width":""},"product_brand":[],"product_cat":[91,20,22],"product_tag":[],"class_list":{"0":"post-569221","1":"product","2":"type-product","3":"status-publish","4":"has-post-thumbnail","6":"product_cat-accesorios-sala","7":"product_cat-motricidad-fina","8":"product_cat-puzzles","9":"pa_edad-1-a-2-anos","10":"pa_edad-2-a-3-anos","11":"pa_edad-3-a-4-anos","12":"pa_marca-galt","13":"pa_medidas-17-x-23-x-5-cm","15":"first","16":"instock","17":"shipping-taxable","18":"purchasable","19":"product-type-simple"},"aioseo_notices":[],"_links":{"self":[{"href":"https:\/\/aukinkochile.com\/web\/wp-json\/wp\/v2\/product\/569221","targetHints":{"allow":["GET"]}}],"collection":[{"href":"https:\/\/aukinkochile.com\/web\/wp-json\/wp\/v2\/product"}],"about":[{"href":"https:\/\/aukinkochile.com\/web\/wp-json\/wp\/v2\/types\/product"}],"replies":[{"embeddable":true,"href":"https:\/\/aukinkochile.com\/web\/wp-json\/wp\/v2\/comments?post=569221"}],"wp:featuredmedia":[{"embeddable":true,"href":"https:\/\/aukinkochile.com\/web\/wp-json\/wp\/v2\/media\/625309"}],"wp:attachment":[{"href":"https:\/\/aukinkochile.com\/web\/wp-json\/wp\/v2\/media?parent=569221"}],"wp:term":[{"taxonomy":"product_brand","embeddable":true,"href":"https:\/\/aukinkochile.com\/web\/wp-json\/wp\/v2\/product_brand?post=569221"},{"taxonomy":"product_cat","embeddable":true,"href":"https:\/\/aukinkochile.com\/web\/wp-json\/wp\/v2\/product_cat?post=569221"},{"taxonomy":"product_tag","embeddable":true,"href":"https:\/\/aukinkochile.com\/web\/wp-json\/wp\/v2\/product_tag?post=569221"}],"curies":[{"name":"wp","href":"https:\/\/api.w.org\/{rel}","templated":true}]}}