{"id":569195,"date":"2021-09-22T04:31:36","date_gmt":"2021-09-22T04:31:36","guid":{"rendered":"https:\/\/aukinkochile.com\/web\/producto\/arte-vasos-involcables-3-pz\/"},"modified":"2025-11-06T18:41:23","modified_gmt":"2025-11-06T18:41:23","slug":"arte-vasos-involcables-3-pz","status":"publish","type":"product","link":"https:\/\/aukinkochile.com\/web\/producto\/arte-vasos-involcables-3-pz\/","title":{"rendered":"Vasos Involcables 3 pz"},"content":{"rendered":"<p>Vasos antideslizantes con tapas y tapones para usar con pinturas y agua. Cuando se llena hasta la l\u00ednea central, el contenido no se derramar\u00e1 si el vaso se vuelca. Use los tapones para mantenerlos herm\u00e9ticos cuando almacene pintura.<\/p>\n<p><p><strong>Material : <\/strong> Pl\u00e1stico<\/p>\n<p><strong>C\u00f3digo Aukinko : <\/strong> 08-21005080<\/p>\n<p><strong>C\u00f3digo Convenio Marco : <\/strong> x<\/p>\n","protected":false},"excerpt":{"rendered":"<p>Vasos antideslizantes con tapas y tapones para usar con pinturas y agua. Cuando se llena hasta la l\u00ednea central, el contenido no se derramar\u00e1 si el vaso se vuelca. Use los tapones para mantenerlos herm\u00e9ticos cuando almacene pintura. Material : Pl\u00e1stico C\u00f3digo Aukinko : 08-21005080 C\u00f3digo Convenio Marco : x<\/p>\n","protected":false},"featured_media":625295,"comment_status":"open","ping_status":"closed","template":"","meta":{"_et_pb_use_builder":"","_et_pb_old_content":"","_et_gb_content_width":""},"product_brand":[],"product_cat":[91,21],"product_tag":[],"class_list":{"0":"post-569195","1":"product","2":"type-product","3":"status-publish","4":"has-post-thumbnail","6":"product_cat-accesorios-sala","7":"product_cat-arte-y-manipulacion","8":"pa_edad-10-anos","9":"pa_edad-3-a-4-anos","10":"pa_edad-4-a-5-anos","11":"pa_edad-5-a-6-anos","12":"pa_edad-6-a-8-anos","13":"pa_edad-8-a-10-anos","14":"pa_marca-galt","15":"pa_medidas-4320","16":"pa_medidas-5-x-15-x-9","17":"pa_medidas-6-cm","19":"first","20":"instock","21":"shipping-taxable","22":"purchasable","23":"product-type-simple"},"aioseo_notices":[],"_links":{"self":[{"href":"https:\/\/aukinkochile.com\/web\/wp-json\/wp\/v2\/product\/569195","targetHints":{"allow":["GET"]}}],"collection":[{"href":"https:\/\/aukinkochile.com\/web\/wp-json\/wp\/v2\/product"}],"about":[{"href":"https:\/\/aukinkochile.com\/web\/wp-json\/wp\/v2\/types\/product"}],"replies":[{"embeddable":true,"href":"https:\/\/aukinkochile.com\/web\/wp-json\/wp\/v2\/comments?post=569195"}],"wp:featuredmedia":[{"embeddable":true,"href":"https:\/\/aukinkochile.com\/web\/wp-json\/wp\/v2\/media\/625295"}],"wp:attachment":[{"href":"https:\/\/aukinkochile.com\/web\/wp-json\/wp\/v2\/media?parent=569195"}],"wp:term":[{"taxonomy":"product_brand","embeddable":true,"href":"https:\/\/aukinkochile.com\/web\/wp-json\/wp\/v2\/product_brand?post=569195"},{"taxonomy":"product_cat","embeddable":true,"href":"https:\/\/aukinkochile.com\/web\/wp-json\/wp\/v2\/product_cat?post=569195"},{"taxonomy":"product_tag","embeddable":true,"href":"https:\/\/aukinkochile.com\/web\/wp-json\/wp\/v2\/product_tag?post=569195"}],"curies":[{"name":"wp","href":"https:\/\/api.w.org\/{rel}","templated":true}]}}