{"id":569103,"date":"2021-09-22T04:31:19","date_gmt":"2021-09-22T04:31:19","guid":{"rendered":"https:\/\/aukinkochile.com\/web\/producto\/activity-playnest-auto\/"},"modified":"2025-11-06T18:40:25","modified_gmt":"2025-11-06T18:40:25","slug":"activity-playnest-auto","status":"publish","type":"product","link":"https:\/\/aukinkochile.com\/web\/producto\/activity-playnest-auto\/","title":{"rendered":"Activity Playnest Auto"},"content":{"rendered":"<p>Auto de carrera rojo grande con tablero de instrumentos electr\u00f3nico desmontable. Juguete inflable cubierto de suave tela proporciona un \u00e1rea de juego suave y aut\u00f3noma para el juego imaginativo. Con manubrio, llave con sonido de encendido, bocina de auto, bolsillo, espejo, etc. Lavable en lavadora. Incluye 3 pilas AA.<\/p>\n<p><p><strong>Material : <\/strong> Genero y Pl\u00e1stico<\/p>\n<p><strong>C\u00f3digo Aukinko : <\/strong> 08-21003871<\/p>\n<p><strong>C\u00f3digo Convenio Marco : <\/strong> x<\/p>\n","protected":false},"excerpt":{"rendered":"<p>Auto de carrera rojo grande con tablero de instrumentos electr\u00f3nico desmontable. Juguete inflable cubierto de suave tela proporciona un \u00e1rea de juego suave y aut\u00f3noma para el juego imaginativo. Con manubrio, llave con sonido de encendido, bocina de auto, bolsillo, espejo, etc. Lavable en lavadora. Incluye 3 pilas AA. Material : Genero y Pl\u00e1stico C\u00f3digo [&hellip;]<\/p>\n","protected":false},"featured_media":625243,"comment_status":"open","ping_status":"closed","template":"","meta":{"_et_pb_use_builder":"","_et_pb_old_content":"","_et_gb_content_width":""},"product_brand":[],"product_cat":[23],"product_tag":[],"class_list":{"0":"post-569103","1":"product","2":"type-product","3":"status-publish","4":"has-post-thumbnail","6":"product_cat-primeros-anos","7":"pa_edad-0-a-1-ano","8":"pa_edad-1-a-2-anos","9":"pa_marca-galt","10":"pa_medidas-40-x-48-x-10-cm","12":"first","13":"instock","14":"shipping-taxable","15":"purchasable","16":"product-type-simple"},"aioseo_notices":[],"_links":{"self":[{"href":"https:\/\/aukinkochile.com\/web\/wp-json\/wp\/v2\/product\/569103","targetHints":{"allow":["GET"]}}],"collection":[{"href":"https:\/\/aukinkochile.com\/web\/wp-json\/wp\/v2\/product"}],"about":[{"href":"https:\/\/aukinkochile.com\/web\/wp-json\/wp\/v2\/types\/product"}],"replies":[{"embeddable":true,"href":"https:\/\/aukinkochile.com\/web\/wp-json\/wp\/v2\/comments?post=569103"}],"wp:featuredmedia":[{"embeddable":true,"href":"https:\/\/aukinkochile.com\/web\/wp-json\/wp\/v2\/media\/625243"}],"wp:attachment":[{"href":"https:\/\/aukinkochile.com\/web\/wp-json\/wp\/v2\/media?parent=569103"}],"wp:term":[{"taxonomy":"product_brand","embeddable":true,"href":"https:\/\/aukinkochile.com\/web\/wp-json\/wp\/v2\/product_brand?post=569103"},{"taxonomy":"product_cat","embeddable":true,"href":"https:\/\/aukinkochile.com\/web\/wp-json\/wp\/v2\/product_cat?post=569103"},{"taxonomy":"product_tag","embeddable":true,"href":"https:\/\/aukinkochile.com\/web\/wp-json\/wp\/v2\/product_tag?post=569103"}],"curies":[{"name":"wp","href":"https:\/\/api.w.org\/{rel}","templated":true}]}}