{"id":569093,"date":"2021-09-22T04:31:18","date_gmt":"2021-09-22T04:31:18","guid":{"rendered":"https:\/\/aukinkochile.com\/web\/producto\/puzle-duo-bano-oceano\/"},"modified":"2025-11-06T18:40:11","modified_gmt":"2025-11-06T18:40:11","slug":"puzle-duo-bano-oceano","status":"publish","type":"product","link":"https:\/\/aukinkochile.com\/web\/producto\/puzle-duo-bano-oceano\/","title":{"rendered":"Puzle D\u00fao Ba\u00f1o Oc\u00e9ano"},"content":{"rendered":"<p>Divertido conjunto de 6 Puzles de dos piezas cada uno. Cada uno con un parche m\u00e1gico sensible al calor, para pasarlo bien durante el ba\u00f1o. Cuando se mojan, las piezas se pueden pegar a las paredes de la ba\u00f1era o a los azulejos. Adem\u00e1s, el juego incluye una bolsa red con ventosas para que sea mas f\u00e1cil guardarlo. 19 x 11 cm c\/ Puzle.<\/p>\n<p><p><strong>Material : <\/strong> Espuma<\/p>\n<p><strong>C\u00f3digo Aukinko : <\/strong> 08-21003523<\/p>\n<p><strong>C\u00f3digo Convenio Marco : <\/strong> x<\/p>\n","protected":false},"excerpt":{"rendered":"<p>Divertido conjunto de 6 Puzles de dos piezas cada uno. Cada uno con un parche m\u00e1gico sensible al calor, para pasarlo bien durante el ba\u00f1o. Cuando se mojan, las piezas se pueden pegar a las paredes de la ba\u00f1era o a los azulejos. Adem\u00e1s, el juego incluye una bolsa red con ventosas para que sea [&hellip;]<\/p>\n","protected":false},"featured_media":625239,"comment_status":"open","ping_status":"closed","template":"","meta":{"_et_pb_use_builder":"","_et_pb_old_content":"","_et_gb_content_width":""},"product_brand":[],"product_cat":[91,20,22],"product_tag":[],"class_list":{"0":"post-569093","1":"product","2":"type-product","3":"status-publish","4":"has-post-thumbnail","6":"product_cat-accesorios-sala","7":"product_cat-motricidad-fina","8":"product_cat-puzzles","9":"pa_edad-1-a-2-anos","10":"pa_edad-2-a-3-anos","11":"pa_edad-3-a-4-anos","12":"pa_marca-galt","13":"pa_medidas-23-x-17-x-5-cm-caja","15":"first","16":"instock","17":"sale","18":"shipping-taxable","19":"purchasable","20":"product-type-simple"},"aioseo_notices":[],"_links":{"self":[{"href":"https:\/\/aukinkochile.com\/web\/wp-json\/wp\/v2\/product\/569093","targetHints":{"allow":["GET"]}}],"collection":[{"href":"https:\/\/aukinkochile.com\/web\/wp-json\/wp\/v2\/product"}],"about":[{"href":"https:\/\/aukinkochile.com\/web\/wp-json\/wp\/v2\/types\/product"}],"replies":[{"embeddable":true,"href":"https:\/\/aukinkochile.com\/web\/wp-json\/wp\/v2\/comments?post=569093"}],"wp:featuredmedia":[{"embeddable":true,"href":"https:\/\/aukinkochile.com\/web\/wp-json\/wp\/v2\/media\/625239"}],"wp:attachment":[{"href":"https:\/\/aukinkochile.com\/web\/wp-json\/wp\/v2\/media?parent=569093"}],"wp:term":[{"taxonomy":"product_brand","embeddable":true,"href":"https:\/\/aukinkochile.com\/web\/wp-json\/wp\/v2\/product_brand?post=569093"},{"taxonomy":"product_cat","embeddable":true,"href":"https:\/\/aukinkochile.com\/web\/wp-json\/wp\/v2\/product_cat?post=569093"},{"taxonomy":"product_tag","embeddable":true,"href":"https:\/\/aukinkochile.com\/web\/wp-json\/wp\/v2\/product_tag?post=569093"}],"curies":[{"name":"wp","href":"https:\/\/api.w.org\/{rel}","templated":true}]}}