{"id":568631,"date":"2021-09-22T04:29:52","date_gmt":"2021-09-22T04:29:52","guid":{"rendered":"https:\/\/aukinkochile.com\/web\/producto\/cadenas-geokid-20-pz\/"},"modified":"2025-04-14T17:37:47","modified_gmt":"2025-04-14T17:37:47","slug":"cadenas-geokid-20-pz","status":"publish","type":"product","link":"https:\/\/aukinkochile.com\/web\/producto\/cadenas-geokid-20-pz\/","title":{"rendered":"Cadenas Geokid 21 pz"},"content":{"rendered":"<p>20 pza. en 6 bolas gigantes en 3 colores diferentes, 5 soles, 5 estrellas y 5 lunas. Divertidas y f\u00e1ciles de unir entre si, para crear combinaciones y hacer diferentes tipos de cadenas. Lavable y seguro.<\/p>\n<p><p><strong>Material : <\/strong> Pl\u00e1stico<\/p>\n<p><strong>C\u00f3digo Aukinko : <\/strong> 07-54130<\/p>\n<p><strong>C\u00f3digo Convenio Marco : <\/strong> <\/p>\n","protected":false},"excerpt":{"rendered":"<p>20 pza. en 6 bolas gigantes en 3 colores diferentes, 5 soles, 5 estrellas y 5 lunas. Divertidas y f\u00e1ciles de unir entre si, para crear combinaciones y hacer diferentes tipos de cadenas. Lavable y seguro. Material : Pl\u00e1stico C\u00f3digo Aukinko : 07-54130 C\u00f3digo Convenio Marco :<\/p>\n","protected":false},"featured_media":626476,"comment_status":"open","ping_status":"closed","template":"","meta":{"_et_pb_use_builder":"","_et_pb_old_content":"","_et_gb_content_width":""},"product_brand":[],"product_cat":[19,20],"product_tag":[],"class_list":{"0":"post-568631","1":"product","2":"type-product","3":"status-publish","4":"has-post-thumbnail","6":"product_cat-construccion","7":"product_cat-motricidad-fina","8":"pa_edad-1-a-2-anos","9":"pa_edad-2-a-3-anos","10":"pa_edad-3-a-4-anos","11":"pa_marca-quercetti","12":"pa_medidas-29-x-17","13":"pa_medidas-5-cm","14":"pa_medidas-5-x-8","16":"first","17":"instock","18":"shipping-taxable","19":"purchasable","20":"product-type-simple"},"aioseo_notices":[],"_links":{"self":[{"href":"https:\/\/aukinkochile.com\/web\/wp-json\/wp\/v2\/product\/568631","targetHints":{"allow":["GET"]}}],"collection":[{"href":"https:\/\/aukinkochile.com\/web\/wp-json\/wp\/v2\/product"}],"about":[{"href":"https:\/\/aukinkochile.com\/web\/wp-json\/wp\/v2\/types\/product"}],"replies":[{"embeddable":true,"href":"https:\/\/aukinkochile.com\/web\/wp-json\/wp\/v2\/comments?post=568631"}],"wp:featuredmedia":[{"embeddable":true,"href":"https:\/\/aukinkochile.com\/web\/wp-json\/wp\/v2\/media\/626476"}],"wp:attachment":[{"href":"https:\/\/aukinkochile.com\/web\/wp-json\/wp\/v2\/media?parent=568631"}],"wp:term":[{"taxonomy":"product_brand","embeddable":true,"href":"https:\/\/aukinkochile.com\/web\/wp-json\/wp\/v2\/product_brand?post=568631"},{"taxonomy":"product_cat","embeddable":true,"href":"https:\/\/aukinkochile.com\/web\/wp-json\/wp\/v2\/product_cat?post=568631"},{"taxonomy":"product_tag","embeddable":true,"href":"https:\/\/aukinkochile.com\/web\/wp-json\/wp\/v2\/product_tag?post=568631"}],"curies":[{"name":"wp","href":"https:\/\/api.w.org\/{rel}","templated":true}]}}