{"id":568617,"date":"2021-09-22T04:29:49","date_gmt":"2021-09-22T04:29:49","guid":{"rendered":"https:\/\/aukinkochile.com\/web\/producto\/enlazar-numeros-y-letras\/"},"modified":"2025-04-14T22:29:27","modified_gmt":"2025-04-14T22:29:27","slug":"enlazar-numeros-y-letras","status":"publish","type":"product","link":"https:\/\/aukinkochile.com\/web\/producto\/enlazar-numeros-y-letras\/","title":{"rendered":"Enlazar N\u00fameros y Letras 50 pz"},"content":{"rendered":"<p>50 unidades de piezas para enlazar letras y signos de puntuaci\u00f3n, adem\u00e1s de n\u00fameros del 0 al 9. Piezas de 8 cm. Contiene cordones de colores y caja pl\u00e1stica para guardar. De gran calidad y resistencia.<\/p>\n<p><strong>Material : <\/strong> Pl\u00e1stico<\/p>\n<p><strong>C\u00f3digo Aukinko : <\/strong> 07-52815<\/p>\n<p><strong>C\u00f3digo Convenio Marco : <\/strong><\/p>\n","protected":false},"excerpt":{"rendered":"<p>50 unidades de piezas para enlazar letras y signos de puntuaci\u00f3n, adem\u00e1s de n\u00fameros del 0 al 9. Piezas de 8 cm. Contiene cordones de colores y caja pl\u00e1stica para guardar. De gran calidad y resistencia. Material : Pl\u00e1stico C\u00f3digo Aukinko : 07-52815 C\u00f3digo Convenio Marco :<\/p>\n","protected":false},"featured_media":630776,"comment_status":"open","ping_status":"closed","template":"","meta":{"_et_pb_use_builder":"","_et_pb_old_content":"","_et_gb_content_width":""},"product_brand":[],"product_cat":[91,21,20],"product_tag":[],"class_list":{"0":"post-568617","1":"product","2":"type-product","3":"status-publish","4":"has-post-thumbnail","6":"product_cat-accesorios-sala","7":"product_cat-arte-y-manipulacion","8":"product_cat-motricidad-fina","9":"pa_edad-3-a-4-anos","10":"pa_edad-4-a-5-anos","11":"pa_edad-5-a-6-anos","12":"pa_edad-6-a-8-anos","13":"pa_marca-quercetti","14":"pa_medidas-28-x-13-x-4","15":"pa_medidas-5-cm","17":"first","18":"instock","19":"shipping-taxable","20":"purchasable","21":"product-type-simple"},"aioseo_notices":[],"_links":{"self":[{"href":"https:\/\/aukinkochile.com\/web\/wp-json\/wp\/v2\/product\/568617","targetHints":{"allow":["GET"]}}],"collection":[{"href":"https:\/\/aukinkochile.com\/web\/wp-json\/wp\/v2\/product"}],"about":[{"href":"https:\/\/aukinkochile.com\/web\/wp-json\/wp\/v2\/types\/product"}],"replies":[{"embeddable":true,"href":"https:\/\/aukinkochile.com\/web\/wp-json\/wp\/v2\/comments?post=568617"}],"wp:featuredmedia":[{"embeddable":true,"href":"https:\/\/aukinkochile.com\/web\/wp-json\/wp\/v2\/media\/630776"}],"wp:attachment":[{"href":"https:\/\/aukinkochile.com\/web\/wp-json\/wp\/v2\/media?parent=568617"}],"wp:term":[{"taxonomy":"product_brand","embeddable":true,"href":"https:\/\/aukinkochile.com\/web\/wp-json\/wp\/v2\/product_brand?post=568617"},{"taxonomy":"product_cat","embeddable":true,"href":"https:\/\/aukinkochile.com\/web\/wp-json\/wp\/v2\/product_cat?post=568617"},{"taxonomy":"product_tag","embeddable":true,"href":"https:\/\/aukinkochile.com\/web\/wp-json\/wp\/v2\/product_tag?post=568617"}],"curies":[{"name":"wp","href":"https:\/\/api.w.org\/{rel}","templated":true}]}}