{"id":568615,"date":"2021-09-22T04:29:49","date_gmt":"2021-09-22T04:29:49","guid":{"rendered":"https:\/\/aukinkochile.com\/web\/producto\/enlazar-animales-y-vehiculos\/"},"modified":"2025-04-14T22:28:28","modified_gmt":"2025-04-14T22:28:28","slug":"enlazar-animales-y-vehiculos","status":"publish","type":"product","link":"https:\/\/aukinkochile.com\/web\/producto\/enlazar-animales-y-vehiculos\/","title":{"rendered":"Enlazar Animales y Veh\u00edculos 8 pz"},"content":{"rendered":"<p>8 piezas para enlazar de 8 formas diferentes de veh\u00edculos y animales de 12 cm. De gran calidad. Contiene cordones de colores y caja pl\u00e1stica.<\/p>\n<p><strong>Material : <\/strong> Pl\u00e1stico<\/p>\n<p><strong>C\u00f3digo Aukinko : <\/strong> 07-52812<\/p>\n<p><strong>C\u00f3digo Convenio Marco : <\/strong><\/p>\n","protected":false},"excerpt":{"rendered":"<p>8 piezas para enlazar de 8 formas diferentes de veh\u00edculos y animales de 12 cm. De gran calidad. Contiene cordones de colores y caja pl\u00e1stica. Material : Pl\u00e1stico C\u00f3digo Aukinko : 07-52812 C\u00f3digo Convenio Marco :<\/p>\n","protected":false},"featured_media":630774,"comment_status":"open","ping_status":"closed","template":"","meta":{"_et_pb_use_builder":"","_et_pb_old_content":"","_et_gb_content_width":""},"product_brand":[],"product_cat":[21,20],"product_tag":[],"class_list":{"0":"post-568615","1":"product","2":"type-product","3":"status-publish","4":"has-post-thumbnail","6":"product_cat-arte-y-manipulacion","7":"product_cat-motricidad-fina","8":"pa_edad-3-a-4-anos","9":"pa_edad-4-a-5-anos","10":"pa_edad-5-a-6-anos","11":"pa_edad-6-a-8-anos","12":"pa_marca-quercetti","13":"pa_medidas-28-x-13-x-4","14":"pa_medidas-5-cm","16":"first","17":"instock","18":"shipping-taxable","19":"purchasable","20":"product-type-simple"},"aioseo_notices":[],"_links":{"self":[{"href":"https:\/\/aukinkochile.com\/web\/wp-json\/wp\/v2\/product\/568615","targetHints":{"allow":["GET"]}}],"collection":[{"href":"https:\/\/aukinkochile.com\/web\/wp-json\/wp\/v2\/product"}],"about":[{"href":"https:\/\/aukinkochile.com\/web\/wp-json\/wp\/v2\/types\/product"}],"replies":[{"embeddable":true,"href":"https:\/\/aukinkochile.com\/web\/wp-json\/wp\/v2\/comments?post=568615"}],"wp:featuredmedia":[{"embeddable":true,"href":"https:\/\/aukinkochile.com\/web\/wp-json\/wp\/v2\/media\/630774"}],"wp:attachment":[{"href":"https:\/\/aukinkochile.com\/web\/wp-json\/wp\/v2\/media?parent=568615"}],"wp:term":[{"taxonomy":"product_brand","embeddable":true,"href":"https:\/\/aukinkochile.com\/web\/wp-json\/wp\/v2\/product_brand?post=568615"},{"taxonomy":"product_cat","embeddable":true,"href":"https:\/\/aukinkochile.com\/web\/wp-json\/wp\/v2\/product_cat?post=568615"},{"taxonomy":"product_tag","embeddable":true,"href":"https:\/\/aukinkochile.com\/web\/wp-json\/wp\/v2\/product_tag?post=568615"}],"curies":[{"name":"wp","href":"https:\/\/api.w.org\/{rel}","templated":true}]}}