{"id":568611,"date":"2021-09-22T04:29:48","date_gmt":"2021-09-22T04:29:48","guid":{"rendered":"https:\/\/aukinkochile.com\/web\/producto\/enlazar-plantillas-de-formas-abc-y-123\/"},"modified":"2025-04-14T17:37:20","modified_gmt":"2025-04-14T17:37:20","slug":"enlazar-plantillas-de-formas-abc-y-123","status":"publish","type":"product","link":"https:\/\/aukinkochile.com\/web\/producto\/enlazar-plantillas-de-formas-abc-y-123\/","title":{"rendered":"Enlazar Plantillas Formas, ABC y 123, 64 pz"},"content":{"rendered":"<p>Las 48 plantillas de filo shapes est\u00e1n hechas para ser manipuladas, adornadas, atadas e incluso se puede dibujar en ellas. Juguete ideal para introducir al ni\u00f1o en la escritura, los n\u00fameros y las formas de una manera divertida y creativa, mientras fomenta su capacidad de manipulaci\u00f3n y creaci\u00f3n. Cuenta con 30 letras, 10 n\u00fameros, 8 formas (11 x 11 cm aprox.) y 16 cuerdas en 4 diferentes colores con extremos duros para una f\u00e1cil manipulaci\u00f3n.<\/p>\n<p><p><strong>Material : <\/strong> Pl\u00e1stico<\/p>\n<p><strong>C\u00f3digo Aukinko : <\/strong> 07-52805<\/p>\n<p><strong>C\u00f3digo Convenio Marco : <\/strong> <\/p>\n","protected":false},"excerpt":{"rendered":"<p>Las 48 plantillas de filo shapes est\u00e1n hechas para ser manipuladas, adornadas, atadas e incluso se puede dibujar en ellas. Juguete ideal para introducir al ni\u00f1o en la escritura, los n\u00fameros y las formas de una manera divertida y creativa, mientras fomenta su capacidad de manipulaci\u00f3n y creaci\u00f3n. Cuenta con 30 letras, 10 n\u00fameros, 8 [&hellip;]<\/p>\n","protected":false},"featured_media":626465,"comment_status":"open","ping_status":"closed","template":"","meta":{"_et_pb_use_builder":"","_et_pb_old_content":"","_et_gb_content_width":""},"product_brand":[],"product_cat":[91,21,20],"product_tag":[],"class_list":{"0":"post-568611","1":"product","2":"type-product","3":"status-publish","4":"has-post-thumbnail","6":"product_cat-accesorios-sala","7":"product_cat-arte-y-manipulacion","8":"product_cat-motricidad-fina","9":"pa_edad-4-a-5-anos","10":"pa_edad-5-a-6-anos","11":"pa_edad-6-a-8-anos","12":"pa_edad-8-a-10-anos","13":"pa_marca-quercetti","14":"pa_medidas-4415","15":"pa_medidas-5-cm","16":"pa_medidas-5-x-31-x-5","18":"first","19":"instock","20":"shipping-taxable","21":"purchasable","22":"product-type-simple"},"aioseo_notices":[],"_links":{"self":[{"href":"https:\/\/aukinkochile.com\/web\/wp-json\/wp\/v2\/product\/568611","targetHints":{"allow":["GET"]}}],"collection":[{"href":"https:\/\/aukinkochile.com\/web\/wp-json\/wp\/v2\/product"}],"about":[{"href":"https:\/\/aukinkochile.com\/web\/wp-json\/wp\/v2\/types\/product"}],"replies":[{"embeddable":true,"href":"https:\/\/aukinkochile.com\/web\/wp-json\/wp\/v2\/comments?post=568611"}],"wp:featuredmedia":[{"embeddable":true,"href":"https:\/\/aukinkochile.com\/web\/wp-json\/wp\/v2\/media\/626465"}],"wp:attachment":[{"href":"https:\/\/aukinkochile.com\/web\/wp-json\/wp\/v2\/media?parent=568611"}],"wp:term":[{"taxonomy":"product_brand","embeddable":true,"href":"https:\/\/aukinkochile.com\/web\/wp-json\/wp\/v2\/product_brand?post=568611"},{"taxonomy":"product_cat","embeddable":true,"href":"https:\/\/aukinkochile.com\/web\/wp-json\/wp\/v2\/product_cat?post=568611"},{"taxonomy":"product_tag","embeddable":true,"href":"https:\/\/aukinkochile.com\/web\/wp-json\/wp\/v2\/product_tag?post=568611"}],"curies":[{"name":"wp","href":"https:\/\/api.w.org\/{rel}","templated":true}]}}