{"id":568583,"date":"2021-09-22T04:29:42","date_gmt":"2021-09-22T04:29:42","guid":{"rendered":"https:\/\/aukinkochile.com\/web\/producto\/mosaico-tonel-2400-pz-1-cm\/"},"modified":"2025-04-14T17:36:45","modified_gmt":"2025-04-14T17:36:45","slug":"mosaico-tonel-2400-pz-1-cm","status":"publish","type":"product","link":"https:\/\/aukinkochile.com\/web\/producto\/mosaico-tonel-2400-pz-1-cm\/","title":{"rendered":"Mosaico Tonel 1 cm 2.400 pz"},"content":{"rendered":"<p>Tonel de pl\u00e1stico con 2400 clavijas de 1 cm, en 4 colores diferentes, de pl\u00e1stico irrompible. Para desarrollar motricidad fina y creatividad.<\/p>\n<p><p><strong>Material : <\/strong> Pl\u00e1stico<\/p>\n<p><strong>C\u00f3digo Aukinko : <\/strong> 07-52410<\/p>\n<p><strong>C\u00f3digo Convenio Marco : <\/strong> <\/p>\n","protected":false},"excerpt":{"rendered":"<p>Tonel de pl\u00e1stico con 2400 clavijas de 1 cm, en 4 colores diferentes, de pl\u00e1stico irrompible. Para desarrollar motricidad fina y creatividad. Material : Pl\u00e1stico C\u00f3digo Aukinko : 07-52410 C\u00f3digo Convenio Marco :<\/p>\n","protected":false},"featured_media":626453,"comment_status":"open","ping_status":"closed","template":"","meta":{"_et_pb_use_builder":"","_et_pb_old_content":"","_et_gb_content_width":""},"product_brand":[],"product_cat":[91,21,19,20],"product_tag":[],"class_list":{"0":"post-568583","1":"product","2":"type-product","3":"status-publish","4":"has-post-thumbnail","6":"product_cat-accesorios-sala","7":"product_cat-arte-y-manipulacion","8":"product_cat-construccion","9":"product_cat-motricidad-fina","10":"pa_edad-4-a-5-anos","11":"pa_edad-5-a-6-anos","12":"pa_edad-6-a-8-anos","13":"pa_marca-quercetti","14":"pa_medidas-18-x-15-x-13-cm-tonel","16":"first","17":"instock","18":"shipping-taxable","19":"purchasable","20":"product-type-simple"},"aioseo_notices":[],"_links":{"self":[{"href":"https:\/\/aukinkochile.com\/web\/wp-json\/wp\/v2\/product\/568583","targetHints":{"allow":["GET"]}}],"collection":[{"href":"https:\/\/aukinkochile.com\/web\/wp-json\/wp\/v2\/product"}],"about":[{"href":"https:\/\/aukinkochile.com\/web\/wp-json\/wp\/v2\/types\/product"}],"replies":[{"embeddable":true,"href":"https:\/\/aukinkochile.com\/web\/wp-json\/wp\/v2\/comments?post=568583"}],"wp:featuredmedia":[{"embeddable":true,"href":"https:\/\/aukinkochile.com\/web\/wp-json\/wp\/v2\/media\/626453"}],"wp:attachment":[{"href":"https:\/\/aukinkochile.com\/web\/wp-json\/wp\/v2\/media?parent=568583"}],"wp:term":[{"taxonomy":"product_brand","embeddable":true,"href":"https:\/\/aukinkochile.com\/web\/wp-json\/wp\/v2\/product_brand?post=568583"},{"taxonomy":"product_cat","embeddable":true,"href":"https:\/\/aukinkochile.com\/web\/wp-json\/wp\/v2\/product_cat?post=568583"},{"taxonomy":"product_tag","embeddable":true,"href":"https:\/\/aukinkochile.com\/web\/wp-json\/wp\/v2\/product_tag?post=568583"}],"curies":[{"name":"wp","href":"https:\/\/api.w.org\/{rel}","templated":true}]}}